{"id":217,"date":"2017-06-06T12:32:12","date_gmt":"2017-06-06T10:32:12","guid":{"rendered":"http:\/\/www.gavleapartments.se\/?page_id=217"},"modified":"2018-07-04T08:11:35","modified_gmt":"2018-07-04T06:11:35","slug":"boka","status":"publish","type":"page","link":"http:\/\/www.gavleapartments.se\/index.php\/boka\/","title":{"rendered":"Boka l\u00e4genhet"},"content":{"rendered":"<p>[et_pb_section admin_label=&#8221;section&#8221;]<br \/>\n\t\t[et_pb_row admin_label=&#8221;row&#8221;]<br \/>\n\t\t\t[et_pb_column type=&#8221;4_4&#8243;]<br \/>\n\t\t\t\t[et_pb_text admin_label=&#8221;Text&#8221;]<br \/>\n\t\t\t\t\tH\u00e4r nedan kan du enkelt se v\u00e5ra lediga l\u00e4genheter och g\u00f6ra din bokning.<\/p>\n<p><strong>Betalning<\/strong>: Du kan snabbt och enkelt betala med kort direkt h\u00e4r p\u00e5 v\u00e5r hemsida.<\/p>\n<p>&nbsp;<\/p>\n<p><script async type=\"text\/javascript\" data-form-id=\"59257b8e02328\" data-widget=\"small\" src=\"https:\/\/secured.sirvoy.com\/widget\/sirvoy.js\"><\/script><br \/>\n\t\t\t\t[\/et_pb_text]<br \/>\n\t\t\t[\/et_pb_column]<br \/>\n\t\t[\/et_pb_row]<br \/>\n\t[\/et_pb_section]<\/p>\n","protected":false},"excerpt":{"rendered":"<p>H\u00e4r nedan kan du enkelt se v\u00e5ra lediga l\u00e4genheter och g\u00f6ra din bokning. Betalning: Du kan snabbt och enkelt betala med kort direkt h\u00e4r p\u00e5 v\u00e5r hemsida. &nbsp;<\/p>\n","protected":false},"author":1,"featured_media":0,"parent":0,"menu_order":0,"comment_status":"closed","ping_status":"closed","template":"","meta":{"_et_pb_use_builder":"on","_et_pb_old_content":"H\u00e4r nedan kan du enkelt se v\u00e5ra lediga l\u00e4genheter och g\u00f6ra din bokning.\r\n\r\n<strong>Betalning<\/strong>: Du kan snabbt och enkelt betala med kort direkt h\u00e4r p\u00e5 v\u00e5r hemsida.\r\n\r\n&nbsp;\r\n\r\n<script async type=\"text\/javascript\" data-form-id=\"59257b8e02328\" data-widget=\"small\" src=\"https:\/\/secured.sirvoy.com\/widget\/sirvoy.js\"><\/script>","_et_gb_content_width":"","_exactmetrics_skip_tracking":false,"_exactmetrics_sitenote_active":false,"_exactmetrics_sitenote_note":"","_exactmetrics_sitenote_category":0,"footnotes":""},"class_list":["post-217","page","type-page","status-publish","hentry"],"yoast_head":"<!-- This site is optimized with the Yoast SEO plugin v27.3 - https:\/\/yoast.com\/product\/yoast-seo-wordpress\/ -->\n<title>Boka l\u00e4genhet G\u00e4vle - G\u00e4vle Apartments<\/title>\n<meta name=\"description\" content=\"H\u00e4r nedan kan du enkelt se v\u00e5ra lediga l\u00e4genheter och g\u00f6ra din bokning. Betalning: Du kan snabbt och enkelt betala med kort direkt h\u00e4r p\u00e5 v\u00e5r hemsida.\" \/>\n<meta name=\"robots\" content=\"index, follow, max-snippet:-1, max-image-preview:large, max-video-preview:-1\" \/>\n<link rel=\"canonical\" href=\"http:\/\/www.gavleapartments.se\/index.php\/boka\/\" \/>\n<meta property=\"og:locale\" content=\"sv_SE\" \/>\n<meta property=\"og:type\" content=\"article\" \/>\n<meta property=\"og:title\" content=\"Boka l\u00e4genhet G\u00e4vle - G\u00e4vle Apartments\" \/>\n<meta property=\"og:description\" content=\"H\u00e4r nedan kan du enkelt se v\u00e5ra lediga l\u00e4genheter och g\u00f6ra din bokning. Betalning: Du kan snabbt och enkelt betala med kort direkt h\u00e4r p\u00e5 v\u00e5r hemsida.\" \/>\n<meta property=\"og:url\" content=\"http:\/\/www.gavleapartments.se\/index.php\/boka\/\" \/>\n<meta property=\"og:site_name\" content=\"G\u00e4vle Apartments\" \/>\n<meta property=\"article:modified_time\" content=\"2018-07-04T06:11:35+00:00\" \/>\n<meta name=\"twitter:card\" content=\"summary_large_image\" \/>\n<script type=\"application\/ld+json\" class=\"yoast-schema-graph\">{\"@context\":\"https:\\\/\\\/schema.org\",\"@graph\":[{\"@type\":\"WebPage\",\"@id\":\"http:\\\/\\\/www.gavleapartments.se\\\/index.php\\\/boka\\\/\",\"url\":\"http:\\\/\\\/www.gavleapartments.se\\\/index.php\\\/boka\\\/\",\"name\":\"Boka l\u00e4genhet G\u00e4vle - G\u00e4vle Apartments\",\"isPartOf\":{\"@id\":\"http:\\\/\\\/www.gavleapartments.se\\\/#website\"},\"datePublished\":\"2017-06-06T10:32:12+00:00\",\"dateModified\":\"2018-07-04T06:11:35+00:00\",\"description\":\"H\u00e4r nedan kan du enkelt se v\u00e5ra lediga l\u00e4genheter och g\u00f6ra din bokning. Betalning: Du kan snabbt och enkelt betala med kort direkt h\u00e4r p\u00e5 v\u00e5r hemsida.\",\"breadcrumb\":{\"@id\":\"http:\\\/\\\/www.gavleapartments.se\\\/index.php\\\/boka\\\/#breadcrumb\"},\"inLanguage\":\"sv-SE\",\"potentialAction\":[{\"@type\":\"ReadAction\",\"target\":[\"http:\\\/\\\/www.gavleapartments.se\\\/index.php\\\/boka\\\/\"]}]},{\"@type\":\"BreadcrumbList\",\"@id\":\"http:\\\/\\\/www.gavleapartments.se\\\/index.php\\\/boka\\\/#breadcrumb\",\"itemListElement\":[{\"@type\":\"ListItem\",\"position\":1,\"name\":\"Hem\",\"item\":\"http:\\\/\\\/www.gavleapartments.se\\\/\"},{\"@type\":\"ListItem\",\"position\":2,\"name\":\"Boka l\u00e4genhet\"}]},{\"@type\":\"WebSite\",\"@id\":\"http:\\\/\\\/www.gavleapartments.se\\\/#website\",\"url\":\"http:\\\/\\\/www.gavleapartments.se\\\/\",\"name\":\"G\u00e4vle Apartments\",\"description\":\"Hyr l\u00e4genhet i G\u00e4vle\",\"potentialAction\":[{\"@type\":\"SearchAction\",\"target\":{\"@type\":\"EntryPoint\",\"urlTemplate\":\"http:\\\/\\\/www.gavleapartments.se\\\/?s={search_term_string}\"},\"query-input\":{\"@type\":\"PropertyValueSpecification\",\"valueRequired\":true,\"valueName\":\"search_term_string\"}}],\"inLanguage\":\"sv-SE\"}]}<\/script>\n<!-- \/ Yoast SEO plugin. -->","yoast_head_json":{"title":"Boka l\u00e4genhet G\u00e4vle - G\u00e4vle Apartments","description":"H\u00e4r nedan kan du enkelt se v\u00e5ra lediga l\u00e4genheter och g\u00f6ra din bokning. Betalning: Du kan snabbt och enkelt betala med kort direkt h\u00e4r p\u00e5 v\u00e5r hemsida.","robots":{"index":"index","follow":"follow","max-snippet":"max-snippet:-1","max-image-preview":"max-image-preview:large","max-video-preview":"max-video-preview:-1"},"canonical":"http:\/\/www.gavleapartments.se\/index.php\/boka\/","og_locale":"sv_SE","og_type":"article","og_title":"Boka l\u00e4genhet G\u00e4vle - G\u00e4vle Apartments","og_description":"H\u00e4r nedan kan du enkelt se v\u00e5ra lediga l\u00e4genheter och g\u00f6ra din bokning. Betalning: Du kan snabbt och enkelt betala med kort direkt h\u00e4r p\u00e5 v\u00e5r hemsida.","og_url":"http:\/\/www.gavleapartments.se\/index.php\/boka\/","og_site_name":"G\u00e4vle Apartments","article_modified_time":"2018-07-04T06:11:35+00:00","twitter_card":"summary_large_image","schema":{"@context":"https:\/\/schema.org","@graph":[{"@type":"WebPage","@id":"http:\/\/www.gavleapartments.se\/index.php\/boka\/","url":"http:\/\/www.gavleapartments.se\/index.php\/boka\/","name":"Boka l\u00e4genhet G\u00e4vle - G\u00e4vle Apartments","isPartOf":{"@id":"http:\/\/www.gavleapartments.se\/#website"},"datePublished":"2017-06-06T10:32:12+00:00","dateModified":"2018-07-04T06:11:35+00:00","description":"H\u00e4r nedan kan du enkelt se v\u00e5ra lediga l\u00e4genheter och g\u00f6ra din bokning. Betalning: Du kan snabbt och enkelt betala med kort direkt h\u00e4r p\u00e5 v\u00e5r hemsida.","breadcrumb":{"@id":"http:\/\/www.gavleapartments.se\/index.php\/boka\/#breadcrumb"},"inLanguage":"sv-SE","potentialAction":[{"@type":"ReadAction","target":["http:\/\/www.gavleapartments.se\/index.php\/boka\/"]}]},{"@type":"BreadcrumbList","@id":"http:\/\/www.gavleapartments.se\/index.php\/boka\/#breadcrumb","itemListElement":[{"@type":"ListItem","position":1,"name":"Hem","item":"http:\/\/www.gavleapartments.se\/"},{"@type":"ListItem","position":2,"name":"Boka l\u00e4genhet"}]},{"@type":"WebSite","@id":"http:\/\/www.gavleapartments.se\/#website","url":"http:\/\/www.gavleapartments.se\/","name":"G\u00e4vle Apartments","description":"Hyr l\u00e4genhet i G\u00e4vle","potentialAction":[{"@type":"SearchAction","target":{"@type":"EntryPoint","urlTemplate":"http:\/\/www.gavleapartments.se\/?s={search_term_string}"},"query-input":{"@type":"PropertyValueSpecification","valueRequired":true,"valueName":"search_term_string"}}],"inLanguage":"sv-SE"}]}},"_links":{"self":[{"href":"http:\/\/www.gavleapartments.se\/index.php\/wp-json\/wp\/v2\/pages\/217","targetHints":{"allow":["GET"]}}],"collection":[{"href":"http:\/\/www.gavleapartments.se\/index.php\/wp-json\/wp\/v2\/pages"}],"about":[{"href":"http:\/\/www.gavleapartments.se\/index.php\/wp-json\/wp\/v2\/types\/page"}],"author":[{"embeddable":true,"href":"http:\/\/www.gavleapartments.se\/index.php\/wp-json\/wp\/v2\/users\/1"}],"replies":[{"embeddable":true,"href":"http:\/\/www.gavleapartments.se\/index.php\/wp-json\/wp\/v2\/comments?post=217"}],"version-history":[{"count":8,"href":"http:\/\/www.gavleapartments.se\/index.php\/wp-json\/wp\/v2\/pages\/217\/revisions"}],"predecessor-version":[{"id":293,"href":"http:\/\/www.gavleapartments.se\/index.php\/wp-json\/wp\/v2\/pages\/217\/revisions\/293"}],"wp:attachment":[{"href":"http:\/\/www.gavleapartments.se\/index.php\/wp-json\/wp\/v2\/media?parent=217"}],"curies":[{"name":"wp","href":"https:\/\/api.w.org\/{rel}","templated":true}]}}