{"id":330,"date":"2019-04-24T14:38:24","date_gmt":"2019-04-24T12:38:24","guid":{"rendered":"http:\/\/www.gavleapartments.se\/?page_id=330"},"modified":"2019-04-24T14:38:24","modified_gmt":"2019-04-24T12:38:24","slug":"gdpr","status":"publish","type":"page","link":"http:\/\/www.gavleapartments.se\/index.php\/gdpr\/","title":{"rendered":"GDPR"},"content":{"rendered":"<p><strong>Personuppgifter<\/strong><\/p>\n<p>Vi p\u00e5 Gavle Apartments AB hanterar vissa personuppgifter om v\u00e5ra kunder och bes\u00f6kare p\u00e5 v\u00e5r hemsida. Denna data samlas in och sparas om dig f\u00f6r att tillhandah\u00e5lla tj\u00e4nster, ge dig en b\u00e4ttre upplevelse samt erbjuda dig tj\u00e4nster och produkter som passar dina behov.<\/p>\n<p>&nbsp;<\/p>\n<p><strong>Uppgifter vi samlar in<\/strong><\/p>\n<p><strong>Kontaktuppgifter<\/strong><\/p>\n<p>N\u00e4r du blir kund hos oss eller genomf\u00f6r en bokning p\u00e5 n\u00e5gon av v\u00e5ra rum och l\u00e4genheter s\u00e5 samlar vi in dina kontaktuppgifter: Namn, e-postadress, telefonnummer, adress.<\/p>\n<p><strong>\u00d6vrig information du anger vid ny kund<\/strong><\/p>\n<p>I de fall du l\u00e4mnar ytterligare information n\u00e4r du blir kund hos oss s\u00e5 samlar vi \u00e4ven in denna information.<\/p>\n<p><strong>Information om produkter och tj\u00e4nster<\/strong><\/p>\n<p>Vi sparar ocks\u00e5 information om de produkter\/tj\u00e4nster du k\u00f6pt, bokat och anv\u00e4nt.<\/p>\n<p><strong>Kommunikation<\/strong><\/p>\n<p>Om du kontaktar oss via mail, formul\u00e4r, telefon eller i \u00f6vriga support\u00e4renden samlar vi in den information du uppger till oss f\u00f6r att kunna erbjuda dig god service, hantera ditt \u00e4rende och ge dig hj\u00e4lp. Denna information samlas \u00e4ven in f\u00f6r att kunna fullg\u00f6ra v\u00e5ra avtal med dig.<\/p>\n<p><strong>Nyhetsbrev<\/strong><\/p>\n<p>Om du anm\u00e4ler dig till v\u00e5rt nyhetsbrev s\u00e5 spar vi dina personuppgifter f\u00f6r att kunna skicka dig erbjudanden och marknadsf\u00f6ring.<\/p>\n<p>&nbsp;<\/p>\n<p><strong>P\u00e5 detta s\u00e4tt samlar vi in personuppgifter:<\/strong><\/p>\n<p>-N\u00e4r du blir kund hos oss<br \/>\n-N\u00e4r du genomf\u00f6r bokningar hos oss<br \/>\n-N\u00e4r du kontaktar oss via formul\u00e4r, telefon, chatt-konversationer, e-post<br \/>\n-N\u00e4r du bes\u00f6ker v\u00e5r hemsida och loggar in i v\u00e5ra system<br \/>\n-N\u00e4r du anm\u00e4ler dig till v\u00e5rt nyhetsbrev<br \/>\n-N\u00e4r du bes\u00f6ker v\u00e5r hemsida, via cookies som samlar in information p\u00e5 och fr\u00e5n din webbl\u00e4sare<\/p>\n<p>Beroende p\u00e5 vilken av v\u00e5ra tj\u00e4nster eller hemsidor du anv\u00e4nder s\u00e5 samlar vi in olika typer av information.<\/p>\n<p>&nbsp;<\/p>\n<p><strong>Detta anv\u00e4nder vi personuppgifter till:<\/strong><\/p>\n<p>-F\u00f6r att fullg\u00f6ra avtal med dig s\u00e5som genomf\u00f6rda best\u00e4llningar eller best\u00e4llda tj\u00e4nster<br \/>\n(R\u00e4ttslig grund: Fullg\u00f6rande av avtal)<\/p>\n<p>-F\u00f6r att ge dig support och service. Behandlingen ligger d\u00e5 i b\u00e5de v\u00e5rt och ditt intresse. Vi kan anv\u00e4nda personuppgifter fr\u00e5n tidigare kontakter f\u00f6r att ge dig b\u00e4ttre hj\u00e4lp.<br \/>\n(R\u00e4ttslig grund: Intresseavv\u00e4gning, samtycke och fullg\u00f6rande av avtal)<\/p>\n<p>-F\u00f6r att kunna marknadsf\u00f6ra relevanta produkter och tj\u00e4nster till dig<br \/>\n(R\u00e4ttslig grund: Intresseavv\u00e4gning och samtycke)<\/p>\n<p>&nbsp;<\/p>\n<p><strong>Hur l\u00e5ng tid sparar vi personuppgifter:<\/strong><\/p>\n<p>Vi sparar uppgifter s\u00e5 l\u00e4nge som det \u00e4r n\u00f6dv\u00e4ndigt f\u00f6r att utf\u00f6ra v\u00e5ra \u00e5taganden som leverant\u00f6r, och s\u00e5 l\u00e4nge det kr\u00e4vs enligt lagstadgade lagringstider.<\/p>\n<p>&nbsp;<\/p>\n<p><strong>Dessa myndigheter\/f\u00f6retag l\u00e4mnar vi ut personuppgifter till<\/strong><\/p>\n<p><strong>Facebook<\/strong><\/p>\n<p>Data via tredjepartscookie f\u00f6r reklam\/marknadsf\u00f6ring och webbanalyser f\u00f6r att f\u00f6rb\u00e4ttra tj\u00e4nster. \u00c4ven viss personuppgiftsdata som anv\u00e4nds f\u00f6r reklam\/marknadsf\u00f6ring.<\/p>\n<p><strong>Google<\/strong><\/p>\n<p>Data via tredjepartscookie f\u00f6r reklam\/marknadsf\u00f6ring och webbanalyser f\u00f6r att f\u00f6rb\u00e4ttra tj\u00e4nster. \u00c4ven viss personuppgiftsdata som anv\u00e4nds f\u00f6r reklam\/marknadsf\u00f6ring.<\/p>\n<p><strong>Bokf\u00f6ringssystem\/l\u00f6nesystem<\/strong><\/p>\n<p>Data som kr\u00e4vs f\u00f6r att genomf\u00f6ra leveranser, betalningar, returer, reklamationer och fullg\u00f6ra v\u00e5ra avtal med dig som kund.<\/p>\n<p>&nbsp;<\/p>\n<p><strong>Skydd av personuppgifter<\/strong><\/p>\n<p>Vi anv\u00e4nder oss av moderna och sofistikerade s\u00e4kerhetsl\u00f6sningar f\u00f6r att samla in, behandla, lagra och kommunicera personuppgifter och l\u00f6senord p\u00e5 ett s\u00e4kert s\u00e4tt. Vi uppdaterar v\u00e5r webbsida och v\u00e5ra rutiner med j\u00e4mna mellanrum f\u00f6r att s\u00e4kerst\u00e4lla integritet, tillg\u00e4nglighet och sekretess.<\/p>\n<p>&nbsp;<\/p>\n<p><strong>Dina r\u00e4ttigheter<\/strong><\/p>\n<p>Du som individ best\u00e4mmer sj\u00e4lv \u00f6ver dina egna personuppgifter. Du avg\u00f6r sj\u00e4lv vilka uppgifter du vill l\u00e4mna. Du har \u00e4ven r\u00e4tt att kontakta oss om du vill ha ut information om de uppgifter vi har om dig, f\u00f6r att beg\u00e4ra r\u00e4ttelse, \u00f6verf\u00f6ring eller f\u00f6r att beg\u00e4ra att vi begr\u00e4nsar behandlingen, f\u00f6r att g\u00f6ra inv\u00e4ndningar eller beg\u00e4ra radering av dina uppgifter. Vid eventuella klagom\u00e5l p\u00e5 v\u00e5r behandling av personuppgifter har du som individ \u00e4ven r\u00e4tt att inge klagom\u00e5l till tillsynsmyndigheten Datainspektionen.<\/p>\n<p>Vissa personuppgifter beh\u00f6ver vi f\u00f6r att kunna tillhandah\u00e5lla v\u00e5ra tj\u00e4nster och produkter till dig. Om du vill \u00e5terkalla samtycke och beg\u00e4r \u00e4ndring\/radering av dessa uppgifter kan det d\u00e4rf\u00f6r inneb\u00e4ra att vi inte kan tillhandah\u00e5lla alla v\u00e5ra produkter\/tj\u00e4nster till dig.<\/p>\n<p>&nbsp;<\/p>\n<p><strong>F\u00f6r\u00e4ndringar i denna policy<\/strong><\/p>\n<p>Inneh\u00e5llet i denna policy kan komma att f\u00f6r\u00e4ndras med tiden.<\/p>\n<p>&nbsp;<\/p>\n<p><strong>Kontakta oss ang\u00e5ende denna policy<\/strong><\/p>\n<p>Har du fr\u00e5gor eller synpunkter ang\u00e5ende denna policy kan du v\u00e4nda dig till oss via e-post p\u00e5 info@gavleapartments.se eller telefon p\u00e5 070-338 48 35.<\/p>\n<p>&nbsp;<\/p>\n","protected":false},"excerpt":{"rendered":"<p>Personuppgifter Vi p\u00e5 Gavle Apartments AB hanterar vissa personuppgifter om v\u00e5ra kunder och bes\u00f6kare p\u00e5 v\u00e5r hemsida. Denna data samlas in och sparas om dig f\u00f6r att tillhandah\u00e5lla tj\u00e4nster, ge dig en b\u00e4ttre upplevelse samt erbjuda dig tj\u00e4nster och produkter som passar dina behov. &nbsp; Uppgifter vi samlar in Kontaktuppgifter N\u00e4r du blir kund hos [&hellip;]<\/p>\n","protected":false},"author":1,"featured_media":0,"parent":0,"menu_order":0,"comment_status":"closed","ping_status":"closed","template":"","meta":{"_et_pb_use_builder":"","_et_pb_old_content":"","_et_gb_content_width":"","_exactmetrics_skip_tracking":false,"_exactmetrics_sitenote_active":false,"_exactmetrics_sitenote_note":"","_exactmetrics_sitenote_category":0,"footnotes":""},"class_list":["post-330","page","type-page","status-publish","hentry"],"yoast_head":"<!-- This site is optimized with the Yoast SEO plugin v27.3 - https:\/\/yoast.com\/product\/yoast-seo-wordpress\/ -->\n<title>GDPR - G\u00e4vle Apartments<\/title>\n<meta name=\"robots\" content=\"index, follow, max-snippet:-1, max-image-preview:large, max-video-preview:-1\" \/>\n<link rel=\"canonical\" href=\"http:\/\/www.gavleapartments.se\/index.php\/gdpr\/\" \/>\n<meta property=\"og:locale\" content=\"sv_SE\" \/>\n<meta property=\"og:type\" content=\"article\" \/>\n<meta property=\"og:title\" content=\"GDPR - G\u00e4vle Apartments\" \/>\n<meta property=\"og:description\" content=\"Personuppgifter Vi p\u00e5 Gavle Apartments AB hanterar vissa personuppgifter om v\u00e5ra kunder och bes\u00f6kare p\u00e5 v\u00e5r hemsida. Denna data samlas in och sparas om dig f\u00f6r att tillhandah\u00e5lla tj\u00e4nster, ge dig en b\u00e4ttre upplevelse samt erbjuda dig tj\u00e4nster och produkter som passar dina behov. &nbsp; Uppgifter vi samlar in Kontaktuppgifter N\u00e4r du blir kund hos [&hellip;]\" \/>\n<meta property=\"og:url\" content=\"http:\/\/www.gavleapartments.se\/index.php\/gdpr\/\" \/>\n<meta property=\"og:site_name\" content=\"G\u00e4vle Apartments\" \/>\n<meta name=\"twitter:card\" content=\"summary_large_image\" \/>\n<meta name=\"twitter:label1\" content=\"Ber\u00e4knad l\u00e4stid\" \/>\n\t<meta name=\"twitter:data1\" content=\"4 minuter\" \/>\n<script type=\"application\/ld+json\" class=\"yoast-schema-graph\">{\"@context\":\"https:\\\/\\\/schema.org\",\"@graph\":[{\"@type\":\"WebPage\",\"@id\":\"http:\\\/\\\/www.gavleapartments.se\\\/index.php\\\/gdpr\\\/\",\"url\":\"http:\\\/\\\/www.gavleapartments.se\\\/index.php\\\/gdpr\\\/\",\"name\":\"GDPR - G\u00e4vle Apartments\",\"isPartOf\":{\"@id\":\"https:\\\/\\\/www.gavleapartments.se\\\/#website\"},\"datePublished\":\"2019-04-24T12:38:24+00:00\",\"breadcrumb\":{\"@id\":\"http:\\\/\\\/www.gavleapartments.se\\\/index.php\\\/gdpr\\\/#breadcrumb\"},\"inLanguage\":\"sv-SE\",\"potentialAction\":[{\"@type\":\"ReadAction\",\"target\":[\"http:\\\/\\\/www.gavleapartments.se\\\/index.php\\\/gdpr\\\/\"]}]},{\"@type\":\"BreadcrumbList\",\"@id\":\"http:\\\/\\\/www.gavleapartments.se\\\/index.php\\\/gdpr\\\/#breadcrumb\",\"itemListElement\":[{\"@type\":\"ListItem\",\"position\":1,\"name\":\"Hem\",\"item\":\"http:\\\/\\\/www.gavleapartments.se\\\/\"},{\"@type\":\"ListItem\",\"position\":2,\"name\":\"GDPR\"}]},{\"@type\":\"WebSite\",\"@id\":\"https:\\\/\\\/www.gavleapartments.se\\\/#website\",\"url\":\"https:\\\/\\\/www.gavleapartments.se\\\/\",\"name\":\"G\u00e4vle Apartments\",\"description\":\"Hyr l\u00e4genhet i G\u00e4vle\",\"potentialAction\":[{\"@type\":\"SearchAction\",\"target\":{\"@type\":\"EntryPoint\",\"urlTemplate\":\"https:\\\/\\\/www.gavleapartments.se\\\/?s={search_term_string}\"},\"query-input\":{\"@type\":\"PropertyValueSpecification\",\"valueRequired\":true,\"valueName\":\"search_term_string\"}}],\"inLanguage\":\"sv-SE\"}]}<\/script>\n<!-- \/ Yoast SEO plugin. -->","yoast_head_json":{"title":"GDPR - G\u00e4vle Apartments","robots":{"index":"index","follow":"follow","max-snippet":"max-snippet:-1","max-image-preview":"max-image-preview:large","max-video-preview":"max-video-preview:-1"},"canonical":"http:\/\/www.gavleapartments.se\/index.php\/gdpr\/","og_locale":"sv_SE","og_type":"article","og_title":"GDPR - G\u00e4vle Apartments","og_description":"Personuppgifter Vi p\u00e5 Gavle Apartments AB hanterar vissa personuppgifter om v\u00e5ra kunder och bes\u00f6kare p\u00e5 v\u00e5r hemsida. Denna data samlas in och sparas om dig f\u00f6r att tillhandah\u00e5lla tj\u00e4nster, ge dig en b\u00e4ttre upplevelse samt erbjuda dig tj\u00e4nster och produkter som passar dina behov. &nbsp; Uppgifter vi samlar in Kontaktuppgifter N\u00e4r du blir kund hos [&hellip;]","og_url":"http:\/\/www.gavleapartments.se\/index.php\/gdpr\/","og_site_name":"G\u00e4vle Apartments","twitter_card":"summary_large_image","twitter_misc":{"Ber\u00e4knad l\u00e4stid":"4 minuter"},"schema":{"@context":"https:\/\/schema.org","@graph":[{"@type":"WebPage","@id":"http:\/\/www.gavleapartments.se\/index.php\/gdpr\/","url":"http:\/\/www.gavleapartments.se\/index.php\/gdpr\/","name":"GDPR - G\u00e4vle Apartments","isPartOf":{"@id":"https:\/\/www.gavleapartments.se\/#website"},"datePublished":"2019-04-24T12:38:24+00:00","breadcrumb":{"@id":"http:\/\/www.gavleapartments.se\/index.php\/gdpr\/#breadcrumb"},"inLanguage":"sv-SE","potentialAction":[{"@type":"ReadAction","target":["http:\/\/www.gavleapartments.se\/index.php\/gdpr\/"]}]},{"@type":"BreadcrumbList","@id":"http:\/\/www.gavleapartments.se\/index.php\/gdpr\/#breadcrumb","itemListElement":[{"@type":"ListItem","position":1,"name":"Hem","item":"http:\/\/www.gavleapartments.se\/"},{"@type":"ListItem","position":2,"name":"GDPR"}]},{"@type":"WebSite","@id":"https:\/\/www.gavleapartments.se\/#website","url":"https:\/\/www.gavleapartments.se\/","name":"G\u00e4vle Apartments","description":"Hyr l\u00e4genhet i G\u00e4vle","potentialAction":[{"@type":"SearchAction","target":{"@type":"EntryPoint","urlTemplate":"https:\/\/www.gavleapartments.se\/?s={search_term_string}"},"query-input":{"@type":"PropertyValueSpecification","valueRequired":true,"valueName":"search_term_string"}}],"inLanguage":"sv-SE"}]}},"_links":{"self":[{"href":"http:\/\/www.gavleapartments.se\/index.php\/wp-json\/wp\/v2\/pages\/330","targetHints":{"allow":["GET"]}}],"collection":[{"href":"http:\/\/www.gavleapartments.se\/index.php\/wp-json\/wp\/v2\/pages"}],"about":[{"href":"http:\/\/www.gavleapartments.se\/index.php\/wp-json\/wp\/v2\/types\/page"}],"author":[{"embeddable":true,"href":"http:\/\/www.gavleapartments.se\/index.php\/wp-json\/wp\/v2\/users\/1"}],"replies":[{"embeddable":true,"href":"http:\/\/www.gavleapartments.se\/index.php\/wp-json\/wp\/v2\/comments?post=330"}],"version-history":[{"count":1,"href":"http:\/\/www.gavleapartments.se\/index.php\/wp-json\/wp\/v2\/pages\/330\/revisions"}],"predecessor-version":[{"id":331,"href":"http:\/\/www.gavleapartments.se\/index.php\/wp-json\/wp\/v2\/pages\/330\/revisions\/331"}],"wp:attachment":[{"href":"http:\/\/www.gavleapartments.se\/index.php\/wp-json\/wp\/v2\/media?parent=330"}],"curies":[{"name":"wp","href":"https:\/\/api.w.org\/{rel}","templated":true}]}}