{"id":333,"date":"2019-04-24T14:40:40","date_gmt":"2019-04-24T12:40:40","guid":{"rendered":"http:\/\/www.gavleapartments.se\/?page_id=333"},"modified":"2019-04-24T14:40:40","modified_gmt":"2019-04-24T12:40:40","slug":"cookies","status":"publish","type":"page","link":"http:\/\/www.gavleapartments.se\/index.php\/cookies\/","title":{"rendered":"Cookies"},"content":{"rendered":"<p><strong>Cookies<\/strong><\/p>\n<p>Vi p\u00e5 www.gavleapartments.se anv\u00e4nder oss av cookies. Detta \u00e4r n\u00e5got som \u00e4r ytterst vanligt p\u00e5 webbsidor. En cookie \u00e4r en liten textfil som sparas p\u00e5 din dator, mobiltelefon eller annan enhet n\u00e4r du bes\u00f6ker v\u00e5ra webbsidor.<\/p>\n<p>Denna textfil anv\u00e4nds f\u00f6r att spara information om dina inst\u00e4llningar, ge dig tillg\u00e5ng till olika funktioner samt f\u00f6r att ge dig en skr\u00e4ddarsydd upplevelse.<\/p>\n<p>Det finns tv\u00e5 typer av cookies. Den ena sparar en liten textfil under en l\u00e4ngre tid och anv\u00e4nds f\u00f6r att spara vissa inst\u00e4llningar \u00f6ver flera \u00e5terkommande bes\u00f6k p\u00e5 webbsidan. Denna textfil har ett utg\u00e5ngsdatum som g\u00f6r att cookien raderas n\u00e4r utg\u00e5ngsdatumet g\u00e5tt ut och du bes\u00f6ker webbsidan igen. Den andra cookien kallas sessionscookie och sparas p\u00e5 din enhet tempor\u00e4rt under tiden du \u00e4r inne p\u00e5 webbsidan. Den anv\u00e4nds bland annat f\u00f6r att h\u00e5lla koll p\u00e5 vilket spr\u00e5k du har valt eller liknande. Sessionscookies f\u00f6rsvinner n\u00e4r du st\u00e4nger ner din webbl\u00e4sare.<\/p>\n<p><strong>Hur vi anv\u00e4nder cookies<\/strong><\/p>\n<p>Vi anv\u00e4nder b\u00e5de sessionscookies och \u00f6vriga cookies.<\/p>\n<p>Vi anv\u00e4nder cookies bland annat f\u00f6r att spara information om inloggningar och formul\u00e4r f\u00f6r att f\u00f6rb\u00e4ttra din anv\u00e4ndarupplevelse.<\/p>\n<p>Vissa g\u00e5nger anv\u00e4nder vi \u00e4ven cookies fr\u00e5n tredje parter. Detta g\u00f6rs f\u00f6r att samla in statistik relaterad till webbsidan, registrera trafik och f\u00f6r att vidareutveckla v\u00e5r webbsida. De kan ocks\u00e5 anv\u00e4ndas f\u00f6r att ge dig relevant information p\u00e5 v\u00e5r egen och andras webbsidor.<\/p>\n<p>Vi anv\u00e4nder \u00e4ven cookies fr\u00e5n Google i marknadsf\u00f6ringssyfte. Vi anv\u00e4nder Display Advertising i Google Analytics f\u00f6r demografik- och intresserapporter. Detta ger oss en f\u00f6rb\u00e4ttrad insikt om v\u00e5ra bes\u00f6kare f\u00f6r att kunna ge dem en b\u00e4ttre upplevelse.<\/p>\n<p><strong>St\u00e4nga av cookies<\/strong><\/p>\n<p>Du har sj\u00e4lv m\u00f6jlighet att avaktivera lagringen av cookies i din webbl\u00e4sare och p\u00e5 s\u00e5 s\u00e4tt s\u00e4ga nej till cookies. Du kan \u00e4ven radera tidigare sparade cookies. Du avaktiverar cookies genom att anpassa din webbl\u00e4sares s\u00e4kerhetsinst\u00e4llningar. Hur detta g\u00f6rs varierar n\u00e5got mellan olika webbl\u00e4sare och versioner av webbl\u00e4sare men finns beskrivet om du s\u00f6ker i din specifika webbl\u00e4sares hj\u00e4lpsida.<\/p>\n<p>Om du st\u00e4nger av cookies kan vissa delar av v\u00e5r webbsida sluta att fungera.<\/p>\n<p>Du har sj\u00e4lv m\u00f6jlighet att inaktivera Display Advertising i Google Analytics och justera annonserna i Google Display Network via annonsinst\u00e4llningarna. Dessa hittar du h\u00e4r:<\/p>\n<p><a href=\"http:\/\/www.google.com\/settings\/ads\">http:\/\/www.google.com\/settings\/ads<\/a><\/p>\n<p>Du kan \u00e4ven l\u00e4sa mer om de olika typer av information som kan inaktiveras i Google Analytics p\u00e5 internet.<\/p>\n<p><a href=\"https:\/\/tools.google.com\/dlpage\/gaoptout\/\">https:\/\/tools.google.com\/dlpage\/gaoptout\/<\/a><\/p>\n<p><strong>Till\u00e5telse att anv\u00e4nda cookies<\/strong><\/p>\n<p>I de fall d\u00e5 inst\u00e4llningarna i den webbl\u00e4sare du anv\u00e4nder n\u00e4r du bes\u00f6ker v\u00e5r webbsida \u00e4r inst\u00e4lld p\u00e5 ett s\u00e5dant s\u00e4tt att de till\u00e5ter cookies s\u00e5 tolkar vi detta som att du accepterar cookies p\u00e5 v\u00e5r webbsida.<\/p>\n<p>&nbsp;<\/p>\n","protected":false},"excerpt":{"rendered":"<p>Cookies Vi p\u00e5 www.gavleapartments.se anv\u00e4nder oss av cookies. Detta \u00e4r n\u00e5got som \u00e4r ytterst vanligt p\u00e5 webbsidor. En cookie \u00e4r en liten textfil som sparas p\u00e5 din dator, mobiltelefon eller annan enhet n\u00e4r du bes\u00f6ker v\u00e5ra webbsidor. Denna textfil anv\u00e4nds f\u00f6r att spara information om dina inst\u00e4llningar, ge dig tillg\u00e5ng till olika funktioner samt f\u00f6r [&hellip;]<\/p>\n","protected":false},"author":1,"featured_media":0,"parent":0,"menu_order":0,"comment_status":"closed","ping_status":"closed","template":"","meta":{"_et_pb_use_builder":"","_et_pb_old_content":"","_et_gb_content_width":"","_exactmetrics_skip_tracking":false,"_exactmetrics_sitenote_active":false,"_exactmetrics_sitenote_note":"","_exactmetrics_sitenote_category":0,"footnotes":""},"class_list":["post-333","page","type-page","status-publish","hentry"],"yoast_head":"<!-- This site is optimized with the Yoast SEO plugin v27.3 - https:\/\/yoast.com\/product\/yoast-seo-wordpress\/ -->\n<title>Cookies - G\u00e4vle Apartments<\/title>\n<meta name=\"robots\" content=\"index, follow, max-snippet:-1, max-image-preview:large, max-video-preview:-1\" \/>\n<link rel=\"canonical\" href=\"http:\/\/www.gavleapartments.se\/index.php\/cookies\/\" \/>\n<meta property=\"og:locale\" content=\"sv_SE\" \/>\n<meta property=\"og:type\" content=\"article\" \/>\n<meta property=\"og:title\" content=\"Cookies - G\u00e4vle Apartments\" \/>\n<meta property=\"og:description\" content=\"Cookies Vi p\u00e5 www.gavleapartments.se anv\u00e4nder oss av cookies. Detta \u00e4r n\u00e5got som \u00e4r ytterst vanligt p\u00e5 webbsidor. En cookie \u00e4r en liten textfil som sparas p\u00e5 din dator, mobiltelefon eller annan enhet n\u00e4r du bes\u00f6ker v\u00e5ra webbsidor. Denna textfil anv\u00e4nds f\u00f6r att spara information om dina inst\u00e4llningar, ge dig tillg\u00e5ng till olika funktioner samt f\u00f6r [&hellip;]\" \/>\n<meta property=\"og:url\" content=\"http:\/\/www.gavleapartments.se\/index.php\/cookies\/\" \/>\n<meta property=\"og:site_name\" content=\"G\u00e4vle Apartments\" \/>\n<meta name=\"twitter:card\" content=\"summary_large_image\" \/>\n<meta name=\"twitter:label1\" content=\"Ber\u00e4knad l\u00e4stid\" \/>\n\t<meta name=\"twitter:data1\" content=\"3 minuter\" \/>\n<script type=\"application\/ld+json\" class=\"yoast-schema-graph\">{\"@context\":\"https:\\\/\\\/schema.org\",\"@graph\":[{\"@type\":\"WebPage\",\"@id\":\"http:\\\/\\\/www.gavleapartments.se\\\/index.php\\\/cookies\\\/\",\"url\":\"http:\\\/\\\/www.gavleapartments.se\\\/index.php\\\/cookies\\\/\",\"name\":\"Cookies - G\u00e4vle Apartments\",\"isPartOf\":{\"@id\":\"http:\\\/\\\/www.gavleapartments.se\\\/#website\"},\"datePublished\":\"2019-04-24T12:40:40+00:00\",\"breadcrumb\":{\"@id\":\"http:\\\/\\\/www.gavleapartments.se\\\/index.php\\\/cookies\\\/#breadcrumb\"},\"inLanguage\":\"sv-SE\",\"potentialAction\":[{\"@type\":\"ReadAction\",\"target\":[\"http:\\\/\\\/www.gavleapartments.se\\\/index.php\\\/cookies\\\/\"]}]},{\"@type\":\"BreadcrumbList\",\"@id\":\"http:\\\/\\\/www.gavleapartments.se\\\/index.php\\\/cookies\\\/#breadcrumb\",\"itemListElement\":[{\"@type\":\"ListItem\",\"position\":1,\"name\":\"Hem\",\"item\":\"https:\\\/\\\/www.gavleapartments.se\\\/\"},{\"@type\":\"ListItem\",\"position\":2,\"name\":\"Cookies\"}]},{\"@type\":\"WebSite\",\"@id\":\"http:\\\/\\\/www.gavleapartments.se\\\/#website\",\"url\":\"http:\\\/\\\/www.gavleapartments.se\\\/\",\"name\":\"G\u00e4vle Apartments\",\"description\":\"Hyr l\u00e4genhet i G\u00e4vle\",\"potentialAction\":[{\"@type\":\"SearchAction\",\"target\":{\"@type\":\"EntryPoint\",\"urlTemplate\":\"http:\\\/\\\/www.gavleapartments.se\\\/?s={search_term_string}\"},\"query-input\":{\"@type\":\"PropertyValueSpecification\",\"valueRequired\":true,\"valueName\":\"search_term_string\"}}],\"inLanguage\":\"sv-SE\"}]}<\/script>\n<!-- \/ Yoast SEO plugin. -->","yoast_head_json":{"title":"Cookies - G\u00e4vle Apartments","robots":{"index":"index","follow":"follow","max-snippet":"max-snippet:-1","max-image-preview":"max-image-preview:large","max-video-preview":"max-video-preview:-1"},"canonical":"http:\/\/www.gavleapartments.se\/index.php\/cookies\/","og_locale":"sv_SE","og_type":"article","og_title":"Cookies - G\u00e4vle Apartments","og_description":"Cookies Vi p\u00e5 www.gavleapartments.se anv\u00e4nder oss av cookies. Detta \u00e4r n\u00e5got som \u00e4r ytterst vanligt p\u00e5 webbsidor. En cookie \u00e4r en liten textfil som sparas p\u00e5 din dator, mobiltelefon eller annan enhet n\u00e4r du bes\u00f6ker v\u00e5ra webbsidor. Denna textfil anv\u00e4nds f\u00f6r att spara information om dina inst\u00e4llningar, ge dig tillg\u00e5ng till olika funktioner samt f\u00f6r [&hellip;]","og_url":"http:\/\/www.gavleapartments.se\/index.php\/cookies\/","og_site_name":"G\u00e4vle Apartments","twitter_card":"summary_large_image","twitter_misc":{"Ber\u00e4knad l\u00e4stid":"3 minuter"},"schema":{"@context":"https:\/\/schema.org","@graph":[{"@type":"WebPage","@id":"http:\/\/www.gavleapartments.se\/index.php\/cookies\/","url":"http:\/\/www.gavleapartments.se\/index.php\/cookies\/","name":"Cookies - G\u00e4vle Apartments","isPartOf":{"@id":"http:\/\/www.gavleapartments.se\/#website"},"datePublished":"2019-04-24T12:40:40+00:00","breadcrumb":{"@id":"http:\/\/www.gavleapartments.se\/index.php\/cookies\/#breadcrumb"},"inLanguage":"sv-SE","potentialAction":[{"@type":"ReadAction","target":["http:\/\/www.gavleapartments.se\/index.php\/cookies\/"]}]},{"@type":"BreadcrumbList","@id":"http:\/\/www.gavleapartments.se\/index.php\/cookies\/#breadcrumb","itemListElement":[{"@type":"ListItem","position":1,"name":"Hem","item":"https:\/\/www.gavleapartments.se\/"},{"@type":"ListItem","position":2,"name":"Cookies"}]},{"@type":"WebSite","@id":"http:\/\/www.gavleapartments.se\/#website","url":"http:\/\/www.gavleapartments.se\/","name":"G\u00e4vle Apartments","description":"Hyr l\u00e4genhet i G\u00e4vle","potentialAction":[{"@type":"SearchAction","target":{"@type":"EntryPoint","urlTemplate":"http:\/\/www.gavleapartments.se\/?s={search_term_string}"},"query-input":{"@type":"PropertyValueSpecification","valueRequired":true,"valueName":"search_term_string"}}],"inLanguage":"sv-SE"}]}},"_links":{"self":[{"href":"http:\/\/www.gavleapartments.se\/index.php\/wp-json\/wp\/v2\/pages\/333","targetHints":{"allow":["GET"]}}],"collection":[{"href":"http:\/\/www.gavleapartments.se\/index.php\/wp-json\/wp\/v2\/pages"}],"about":[{"href":"http:\/\/www.gavleapartments.se\/index.php\/wp-json\/wp\/v2\/types\/page"}],"author":[{"embeddable":true,"href":"http:\/\/www.gavleapartments.se\/index.php\/wp-json\/wp\/v2\/users\/1"}],"replies":[{"embeddable":true,"href":"http:\/\/www.gavleapartments.se\/index.php\/wp-json\/wp\/v2\/comments?post=333"}],"version-history":[{"count":1,"href":"http:\/\/www.gavleapartments.se\/index.php\/wp-json\/wp\/v2\/pages\/333\/revisions"}],"predecessor-version":[{"id":334,"href":"http:\/\/www.gavleapartments.se\/index.php\/wp-json\/wp\/v2\/pages\/333\/revisions\/334"}],"wp:attachment":[{"href":"http:\/\/www.gavleapartments.se\/index.php\/wp-json\/wp\/v2\/media?parent=333"}],"curies":[{"name":"wp","href":"https:\/\/api.w.org\/{rel}","templated":true}]}}