{"id":74,"date":"2017-05-13T10:17:19","date_gmt":"2017-05-13T08:17:19","guid":{"rendered":"http:\/\/localhost\/gavleapartments\/?page_id=74"},"modified":"2022-11-08T15:15:59","modified_gmt":"2022-11-08T14:15:59","slug":"hem","status":"publish","type":"page","link":"https:\/\/www.gavleapartments.se\/","title":{"rendered":"Hem"},"content":{"rendered":"<p>[et_pb_section fb_built=&#8221;1&#8243; admin_label=&#8221;section&#8221; _builder_version=&#8221;4.16&#8243; custom_padding=&#8221;20px|0px|0px|0px&#8221; global_colors_info=&#8221;{}&#8221;][et_pb_row admin_label=&#8221;row&#8221; _builder_version=&#8221;4.16&#8243; background_size=&#8221;initial&#8221; background_position=&#8221;top_left&#8221; background_repeat=&#8221;repeat&#8221; custom_padding=&#8221;52px|0px|40px|0px&#8221; global_colors_info=&#8221;{}&#8221;][et_pb_column type=&#8221;4_4&#8243; _builder_version=&#8221;4.16&#8243; custom_padding=&#8221;|||&#8221; global_colors_info=&#8221;{}&#8221; custom_padding__hover=&#8221;|||&#8221;][et_pb_text disabled_on=&#8221;on|off|off&#8221; admin_label=&#8221;Text&#8221; _builder_version=&#8221;4.16&#8243; background_size=&#8221;initial&#8221; background_position=&#8221;top_left&#8221; background_repeat=&#8221;repeat&#8221; global_colors_info=&#8221;{}&#8221;]<\/p>\n<h1 style=\"text-align: center;\"><strong>V&auml;lkommen till G&auml;vle&nbsp;Apartments<\/strong><\/h1>\n<p style=\"text-align: center;\">Gavle Apartments &auml;r det perfekta alternativet f&ouml;r dig n&auml;r du beh&ouml;ver boende i G&auml;vle! Vi erbjuder nyrustade l&auml;genheter i centrala G&auml;vle, v&aring;ra l&auml;genheter &auml;r fullt utrustade med allt man beh&ouml;ver, ljusa fr&auml;scha l&auml;genheter med b&auml;sta komfort! Vi erbjuder ett flexibelt boende med in och utcheckning efter dina behov, passar s&aring;v&auml;l arbetsveckan som semestern. Varmt v&auml;lkommen med din bokning!<\/p>\n<p>[\/et_pb_text][\/et_pb_column][\/et_pb_row][\/et_pb_section][et_pb_section fb_built=&#8221;1&#8243; admin_label=&#8221;section&#8221; _builder_version=&#8221;4.16&#8243; custom_padding=&#8221;0px|0px|0px|0px&#8221; global_colors_info=&#8221;{}&#8221;][et_pb_row column_structure=&#8221;1_3,1_3,1_3&#8243; admin_label=&#8221;row&#8221; _builder_version=&#8221;4.16&#8243; background_size=&#8221;initial&#8221; background_position=&#8221;top_left&#8221; background_repeat=&#8221;repeat&#8221; global_colors_info=&#8221;{}&#8221;][et_pb_column type=&#8221;1_3&#8243; _builder_version=&#8221;4.16&#8243; custom_padding=&#8221;|||&#8221; global_colors_info=&#8221;{}&#8221; custom_padding__hover=&#8221;|||&#8221;][et_pb_image src=&#8221;http:\/\/www.gavleapartments.se\/wp-content\/uploads\/2022\/08\/Startsida1-300&#215;218.jpg&#8221; _builder_version=&#8221;4.18.0&#8243; _module_preset=&#8221;default&#8221; global_colors_info=&#8221;{}&#8221;][\/et_pb_image][et_pb_text admin_label=&#8221;Text&#8221; _builder_version=&#8221;4.16&#8243; background_size=&#8221;initial&#8221; background_position=&#8221;top_left&#8221; background_repeat=&#8221;repeat&#8221; global_colors_info=&#8221;{}&#8221;]<\/p>\n<h1 style=\"text-align: center;\"><strong>V\u00e5ra l\u00e4genheter<\/strong><\/h1>\n<p style=\"text-align: center;\">Vi erbjuder dig att hyra l\u00e4genheter som\u00a0\u00e4r nyrustade, har egna k\u00f6k med alla tillbeh\u00f6r man kan beh\u00f6va. I sovrummet finns TV.<\/p>\n<p style=\"text-align: center;\">L\u00e4genheterna har egna nyrustade badrum. S\u00e4nglinne, handduk, wifi och parkering ing\u00e5r.<\/p>\n<p style=\"text-align: center;\">Vi har \u00e4ven l\u00e4genheter f\u00f6r l\u00e5ngtidsuthyrning.\u00a0<\/p>\n<p style=\"text-align: center;\">\n<p>[\/et_pb_text][\/et_pb_column][et_pb_column type=&#8221;1_3&#8243; _builder_version=&#8221;4.16&#8243; custom_padding=&#8221;|||&#8221; global_colors_info=&#8221;{}&#8221; custom_padding__hover=&#8221;|||&#8221;][et_pb_image src=&#8221;http:\/\/www.gavleapartments.se\/wp-content\/uploads\/2022\/08\/Startsida2.jpg&#8221; title_text=&#8221;Test&#8221; _builder_version=&#8221;4.18.0&#8243; _module_preset=&#8221;default&#8221; global_colors_info=&#8221;{}&#8221;][\/et_pb_image][et_pb_text admin_label=&#8221;Text&#8221; _builder_version=&#8221;4.16&#8243; background_size=&#8221;initial&#8221; background_position=&#8221;top_left&#8221; background_repeat=&#8221;repeat&#8221; custom_margin=&#8221;|||&#8221; global_colors_info=&#8221;{}&#8221;]<\/p>\n<h1 style=\"text-align: center;\"><strong>Hitta till oss<\/strong><\/h1>\n<p style=\"text-align: center;\">Vi finns fyra kvarter fr\u00e5n stortorget i G\u00e4vle och 1,5 km fr\u00e5n t\u00e5gstationen.<\/p>\n<p style=\"text-align: center;\">V\u00e5ra l\u00e4genheter finns p\u00e5 Lexegr\u00e4nd 5 samt p\u00e5 Luthergatan 24 i G\u00e4vle.<\/p>\n<p style=\"text-align: center;\">Ring oss g\u00e4rna f\u00f6r v\u00e4gbeskrivning.<\/p>\n<p>[\/et_pb_text][\/et_pb_column][et_pb_column type=&#8221;1_3&#8243; _builder_version=&#8221;4.16&#8243; custom_padding=&#8221;|||&#8221; global_colors_info=&#8221;{}&#8221; custom_padding__hover=&#8221;|||&#8221;][et_pb_image src=&#8221;http:\/\/www.gavleapartments.se\/wp-content\/uploads\/2022\/08\/Startsida3-300&#215;195.jpg&#8221; title_text=&#8221;Startsida3&#8243; _builder_version=&#8221;4.18.0&#8243; _module_preset=&#8221;default&#8221; global_colors_info=&#8221;{}&#8221;][\/et_pb_image][et_pb_text admin_label=&#8221;Text&#8221; _builder_version=&#8221;4.16&#8243; background_size=&#8221;initial&#8221; background_position=&#8221;top_left&#8221; background_repeat=&#8221;repeat&#8221; global_colors_info=&#8221;{}&#8221;]<\/p>\n<h1 style=\"text-align: center;\"><strong>G\u00e4vle\u00a0stad<\/strong><\/h1>\n<p style=\"text-align: center;\">I G\u00e4vle kan du ta en tur p\u00e5 havet med Lim\u00f6b\u00e5ten, bes\u00f6ka Furuviksparken eller Mackmyra Whisky, \u00e4ta dig m\u00e4tt flera g\u00e5nger om i en av Sveriges krogt\u00e4taste st\u00e4der med flera restauranger i White Guide, uppleva J\u00e4rnriket, vandra i urskog, shoppa i stans alla butiker, klappa en \u00e4lg eller g\u00e5 p\u00e5 hockey &#8211; i G\u00e4vle finns massor att uppleva!<\/p>\n<p style=\"text-align: center;\">P\u00e5 visitgavle.se hittar du massor av sp\u00e4nnande bes\u00f6km\u00e5l!<\/p>\n<p>[\/et_pb_text][\/et_pb_column][\/et_pb_row][\/et_pb_section]<\/p>\n","protected":false},"excerpt":{"rendered":"<p>V&auml;lkommen till G&auml;vle&nbsp;Apartments Gavle Apartments &auml;r det perfekta alternativet f&ouml;r dig n&auml;r du beh&ouml;ver boende i G&auml;vle! Vi erbjuder nyrustade l&auml;genheter i centrala G&auml;vle, v&aring;ra l&auml;genheter &auml;r fullt utrustade med allt man beh&ouml;ver, ljusa fr&auml;scha l&auml;genheter med b&auml;sta komfort! Vi erbjuder ett flexibelt boende med in och utcheckning efter dina behov, passar s&aring;v&auml;l arbetsveckan som [&hellip;]<\/p>\n","protected":false},"author":1,"featured_media":0,"parent":0,"menu_order":0,"comment_status":"closed","ping_status":"closed","template":"","meta":{"_et_pb_use_builder":"on","_et_pb_old_content":"","_et_gb_content_width":"","_exactmetrics_skip_tracking":false,"_exactmetrics_sitenote_active":false,"_exactmetrics_sitenote_note":"","_exactmetrics_sitenote_category":0,"footnotes":""},"class_list":["post-74","page","type-page","status-publish","hentry"],"yoast_head":"<!-- This site is optimized with the Yoast SEO plugin v22.1 - https:\/\/yoast.com\/wordpress\/plugins\/seo\/ -->\n<title>G\u00e4vle Apartments - Hyr l\u00e4genheter * Logi * *Hotel* * Stay* *Hotell* *Apartment Gavle* *Apartments Gavle* *Bed and Breakfast* *Boende* *Zimmer Gavle&quot; *Vandrarhem* *Rum G\u00e4vle* *Room Gavle* *Flat Gavle* *Hostel* *Hotellrum*<\/title>\n<meta name=\"description\" content=\"Gavle Apartments erbjuder nyrustade l\u00e4genheter till bra priser i centrala G\u00e4vle. Genuint renoverade l\u00e4genheter med h\u00f6g komfort och flexibilitet - V\u00e4lkommen!\" \/>\n<meta name=\"robots\" content=\"index, follow, max-snippet:-1, max-image-preview:large, max-video-preview:-1\" \/>\n<link rel=\"canonical\" href=\"http:\/\/www.gavleapartments.se\/\" \/>\n<meta property=\"og:locale\" content=\"sv_SE\" \/>\n<meta property=\"og:type\" content=\"article\" \/>\n<meta property=\"og:title\" content=\"G\u00e4vle Apartments - Hyr l\u00e4genheter * Logi * *Hotel* * Stay* *Hotell* *Apartment Gavle* *Apartments Gavle* *Bed and Breakfast* *Boende* *Zimmer Gavle&quot; *Vandrarhem* *Rum G\u00e4vle* *Room Gavle* *Flat Gavle* *Hostel* *Hotellrum*\" \/>\n<meta property=\"og:description\" content=\"Gavle Apartments erbjuder nyrustade l\u00e4genheter till bra priser i centrala G\u00e4vle. Genuint renoverade l\u00e4genheter med h\u00f6g komfort och flexibilitet - V\u00e4lkommen!\" \/>\n<meta property=\"og:url\" content=\"http:\/\/www.gavleapartments.se\/\" \/>\n<meta property=\"og:site_name\" content=\"G\u00e4vle Apartments\" \/>\n<meta property=\"article:modified_time\" content=\"2022-11-08T14:15:59+00:00\" \/>\n<meta name=\"twitter:card\" content=\"summary_large_image\" \/>\n<meta name=\"twitter:label1\" content=\"Ber\u00e4knad l\u00e4stid\" \/>\n\t<meta name=\"twitter:data1\" content=\"3 minuter\" \/>\n<script type=\"application\/ld+json\" class=\"yoast-schema-graph\">{\"@context\":\"https:\/\/schema.org\",\"@graph\":[{\"@type\":\"WebPage\",\"@id\":\"http:\/\/www.gavleapartments.se\/\",\"url\":\"http:\/\/www.gavleapartments.se\/\",\"name\":\"G\u00e4vle Apartments - Hyr l\u00e4genheter * Logi * *Hotel* * Stay* *Hotell* *Apartment Gavle* *Apartments Gavle* *Bed and Breakfast* *Boende* *Zimmer Gavle\\\" *Vandrarhem* *Rum G\u00e4vle* *Room Gavle* *Flat Gavle* *Hostel* *Hotellrum*\",\"isPartOf\":{\"@id\":\"http:\/\/www.gavleapartments.se\/#website\"},\"datePublished\":\"2017-05-13T08:17:19+00:00\",\"dateModified\":\"2022-11-08T14:15:59+00:00\",\"description\":\"Gavle Apartments erbjuder nyrustade l\u00e4genheter till bra priser i centrala G\u00e4vle. Genuint renoverade l\u00e4genheter med h\u00f6g komfort och flexibilitet - V\u00e4lkommen!\",\"breadcrumb\":{\"@id\":\"http:\/\/www.gavleapartments.se\/#breadcrumb\"},\"inLanguage\":\"sv-SE\",\"potentialAction\":[{\"@type\":\"ReadAction\",\"target\":[\"http:\/\/www.gavleapartments.se\/\"]}]},{\"@type\":\"BreadcrumbList\",\"@id\":\"http:\/\/www.gavleapartments.se\/#breadcrumb\",\"itemListElement\":[{\"@type\":\"ListItem\",\"position\":1,\"name\":\"Hem\",\"item\":\"http:\/\/www.gavleapartments.se\/\"},{\"@type\":\"ListItem\",\"position\":2,\"name\":\"Hem\"}]},{\"@type\":\"WebSite\",\"@id\":\"http:\/\/www.gavleapartments.se\/#website\",\"url\":\"http:\/\/www.gavleapartments.se\/\",\"name\":\"G\u00e4vle Apartments\",\"description\":\"Hyr l\u00e4genhet i G\u00e4vle\",\"potentialAction\":[{\"@type\":\"SearchAction\",\"target\":{\"@type\":\"EntryPoint\",\"urlTemplate\":\"http:\/\/www.gavleapartments.se\/?s={search_term_string}\"},\"query-input\":\"required name=search_term_string\"}],\"inLanguage\":\"sv-SE\"}]}<\/script>\n<!-- \/ Yoast SEO plugin. -->","yoast_head_json":{"title":"G\u00e4vle Apartments - Hyr l\u00e4genheter * Logi * *Hotel* * Stay* *Hotell* *Apartment Gavle* *Apartments Gavle* *Bed and Breakfast* *Boende* *Zimmer Gavle\" *Vandrarhem* *Rum G\u00e4vle* *Room Gavle* *Flat Gavle* *Hostel* *Hotellrum*","description":"Gavle Apartments erbjuder nyrustade l\u00e4genheter till bra priser i centrala G\u00e4vle. Genuint renoverade l\u00e4genheter med h\u00f6g komfort och flexibilitet - V\u00e4lkommen!","robots":{"index":"index","follow":"follow","max-snippet":"max-snippet:-1","max-image-preview":"max-image-preview:large","max-video-preview":"max-video-preview:-1"},"canonical":"http:\/\/www.gavleapartments.se\/","og_locale":"sv_SE","og_type":"article","og_title":"G\u00e4vle Apartments - Hyr l\u00e4genheter * Logi * *Hotel* * Stay* *Hotell* *Apartment Gavle* *Apartments Gavle* *Bed and Breakfast* *Boende* *Zimmer Gavle\" *Vandrarhem* *Rum G\u00e4vle* *Room Gavle* *Flat Gavle* *Hostel* *Hotellrum*","og_description":"Gavle Apartments erbjuder nyrustade l\u00e4genheter till bra priser i centrala G\u00e4vle. Genuint renoverade l\u00e4genheter med h\u00f6g komfort och flexibilitet - V\u00e4lkommen!","og_url":"http:\/\/www.gavleapartments.se\/","og_site_name":"G\u00e4vle Apartments","article_modified_time":"2022-11-08T14:15:59+00:00","twitter_card":"summary_large_image","twitter_misc":{"Ber\u00e4knad l\u00e4stid":"3 minuter"},"schema":{"@context":"https:\/\/schema.org","@graph":[{"@type":"WebPage","@id":"http:\/\/www.gavleapartments.se\/","url":"http:\/\/www.gavleapartments.se\/","name":"G\u00e4vle Apartments - Hyr l\u00e4genheter * Logi * *Hotel* * Stay* *Hotell* *Apartment Gavle* *Apartments Gavle* *Bed and Breakfast* *Boende* *Zimmer Gavle\" *Vandrarhem* *Rum G\u00e4vle* *Room Gavle* *Flat Gavle* *Hostel* *Hotellrum*","isPartOf":{"@id":"http:\/\/www.gavleapartments.se\/#website"},"datePublished":"2017-05-13T08:17:19+00:00","dateModified":"2022-11-08T14:15:59+00:00","description":"Gavle Apartments erbjuder nyrustade l\u00e4genheter till bra priser i centrala G\u00e4vle. Genuint renoverade l\u00e4genheter med h\u00f6g komfort och flexibilitet - V\u00e4lkommen!","breadcrumb":{"@id":"http:\/\/www.gavleapartments.se\/#breadcrumb"},"inLanguage":"sv-SE","potentialAction":[{"@type":"ReadAction","target":["http:\/\/www.gavleapartments.se\/"]}]},{"@type":"BreadcrumbList","@id":"http:\/\/www.gavleapartments.se\/#breadcrumb","itemListElement":[{"@type":"ListItem","position":1,"name":"Hem","item":"http:\/\/www.gavleapartments.se\/"},{"@type":"ListItem","position":2,"name":"Hem"}]},{"@type":"WebSite","@id":"http:\/\/www.gavleapartments.se\/#website","url":"http:\/\/www.gavleapartments.se\/","name":"G\u00e4vle Apartments","description":"Hyr l\u00e4genhet i G\u00e4vle","potentialAction":[{"@type":"SearchAction","target":{"@type":"EntryPoint","urlTemplate":"http:\/\/www.gavleapartments.se\/?s={search_term_string}"},"query-input":"required name=search_term_string"}],"inLanguage":"sv-SE"}]}},"_links":{"self":[{"href":"https:\/\/www.gavleapartments.se\/index.php\/wp-json\/wp\/v2\/pages\/74"}],"collection":[{"href":"https:\/\/www.gavleapartments.se\/index.php\/wp-json\/wp\/v2\/pages"}],"about":[{"href":"https:\/\/www.gavleapartments.se\/index.php\/wp-json\/wp\/v2\/types\/page"}],"author":[{"embeddable":true,"href":"https:\/\/www.gavleapartments.se\/index.php\/wp-json\/wp\/v2\/users\/1"}],"replies":[{"embeddable":true,"href":"https:\/\/www.gavleapartments.se\/index.php\/wp-json\/wp\/v2\/comments?post=74"}],"version-history":[{"count":42,"href":"https:\/\/www.gavleapartments.se\/index.php\/wp-json\/wp\/v2\/pages\/74\/revisions"}],"predecessor-version":[{"id":389,"href":"https:\/\/www.gavleapartments.se\/index.php\/wp-json\/wp\/v2\/pages\/74\/revisions\/389"}],"wp:attachment":[{"href":"https:\/\/www.gavleapartments.se\/index.php\/wp-json\/wp\/v2\/media?parent=74"}],"curies":[{"name":"wp","href":"https:\/\/api.w.org\/{rel}","templated":true}]}}