{"id":80,"date":"2017-05-13T10:21:58","date_gmt":"2017-05-13T08:21:58","guid":{"rendered":"http:\/\/localhost\/gavleapartments\/?page_id=80"},"modified":"2024-04-27T13:32:06","modified_gmt":"2024-04-27T11:32:06","slug":"vara-lagenheter","status":"publish","type":"page","link":"https:\/\/www.gavleapartments.se\/index.php\/vara-lagenheter\/","title":{"rendered":"V\u00e5ra l\u00e4genheter"},"content":{"rendered":"<p>[et_pb_section fb_built=&#8221;1&#8243; admin_label=&#8221;section&#8221; _builder_version=&#8221;4.16&#8243; custom_padding=&#8221;49px|||||&#8221; global_colors_info=&#8221;{}&#8221;][et_pb_row _builder_version=&#8221;4.18.0&#8243; _module_preset=&#8221;default&#8221; global_colors_info=&#8221;{}&#8221;][et_pb_column type=&#8221;4_4&#8243; _builder_version=&#8221;4.18.0&#8243; _module_preset=&#8221;default&#8221; global_colors_info=&#8221;{}&#8221;][et_pb_text admin_label=&#8221;Text&#8221; _builder_version=&#8221;4.16&#8243; background_size=&#8221;initial&#8221; background_position=&#8221;top_left&#8221; background_repeat=&#8221;repeat&#8221; global_colors_info=&#8221;{}&#8221;]<\/p>\n<h1 style=\"text-align: center;\"><strong>V\u00e5ra l\u00e4genheter<\/strong><\/h1>\n<p style=\"text-align: center;\">Vi \u00e4r ett l\u00e4genhetshotell i centrala G\u00e4vle med l\u00e4genheter p\u00e5 Lexegr\u00e4nd 5 och Luthergatan 24. Se mer information om de olika adresserna nedan.\u00a0<\/p>\n<p style=\"text-align: center;\">Vi har \u00e4ven l\u00e4genheter f\u00f6r l\u00e5ngtidsuthyrning.<\/p>\n<p style=\"text-align: center;\">\n<p>[\/et_pb_text][\/et_pb_column][\/et_pb_row][et_pb_row column_structure=&#8221;1_3,1_3,1_3&#8243; _builder_version=&#8221;4.18.0&#8243; _module_preset=&#8221;default&#8221; custom_margin=&#8221;|auto|8px|auto||&#8221; global_colors_info=&#8221;{}&#8221;][et_pb_column type=&#8221;1_3&#8243; _builder_version=&#8221;4.18.0&#8243; _module_preset=&#8221;default&#8221; global_colors_info=&#8221;{}&#8221;][et_pb_text _builder_version=&#8221;4.18.0&#8243; _module_preset=&#8221;default&#8221; global_colors_info=&#8221;{}&#8221;]<\/p>\n<h1 style=\"text-align: center;\"><strong>Avbokningsregler<\/strong><\/h1>\n<p style=\"text-align: center;\">F\u00f6r bokningar av enstaka n\u00e4tter s\u00e5 skall avbokning ske senast kl 18 dagen innan ankomst.<\/p>\n<p style=\"text-align: center;\">F\u00f6r bokningar av en vecka upp till en m\u00e5nad skall avbokning ske senast en vecka innan ankomst.<\/p>\n<p style=\"text-align: center;\">F\u00f6r bokningar av en m\u00e5nad eller mer s\u00e5 skall avbokning ske senast en m\u00e5nad innan ankomst.\u00a0<\/p>\n<p style=\"text-align: center;\">Avbokning m\u00e5ste bekr\u00e4ftas f\u00f6r att g\u00e4llas.<\/p>\n<p>[\/et_pb_text][\/et_pb_column][et_pb_column type=&#8221;1_3&#8243; _builder_version=&#8221;4.18.0&#8243; _module_preset=&#8221;default&#8221; global_colors_info=&#8221;{}&#8221;][et_pb_text admin_label=&#8221;Text&#8221; _builder_version=&#8221;4.16&#8243; background_size=&#8221;initial&#8221; background_position=&#8221;top_left&#8221; background_repeat=&#8221;repeat&#8221; global_colors_info=&#8221;{}&#8221;]<\/p>\n<h1 style=\"text-align: center;\"><strong>Incheckning<\/strong><\/h1>\n<p class=\"\" style=\"text-align: center;\">Vid l\u00e4genhetsbokning, kontakta oss p\u00e5 +46 70-338 48 35<\/p>\n<p>[\/et_pb_text][\/et_pb_column][et_pb_column type=&#8221;1_3&#8243; _builder_version=&#8221;4.18.0&#8243; _module_preset=&#8221;default&#8221; global_colors_info=&#8221;{}&#8221;][et_pb_text admin_label=&#8221;Text&#8221; _builder_version=&#8221;4.16&#8243; background_size=&#8221;initial&#8221; background_position=&#8221;top_left&#8221; background_repeat=&#8221;repeat&#8221; global_colors_info=&#8221;{}&#8221;]<\/p>\n<h1 style=\"text-align: center;\"><strong>Betalning<\/strong><\/h1>\n<p style=\"text-align: center;\">Betalning sker vid ankomst med kort eller Swish, om inget annat \u00e4r \u00f6verenskommet.<\/p>\n<p style=\"text-align: center;\">Ingen kontantbetalning till\u00e5tes.\u00a0<\/p>\n<p style=\"text-align: center;\">\n<p>[\/et_pb_text][\/et_pb_column][\/et_pb_row][et_pb_row _builder_version=&#8221;4.18.0&#8243; _module_preset=&#8221;default&#8221; global_colors_info=&#8221;{}&#8221;][et_pb_column type=&#8221;4_4&#8243; _builder_version=&#8221;4.18.0&#8243; _module_preset=&#8221;default&#8221; global_colors_info=&#8221;{}&#8221;][et_pb_divider color=&#8221;#E02B20&#8243; _builder_version=&#8221;4.18.0&#8243; _module_preset=&#8221;default&#8221; min_height=&#8221;53.8px&#8221; global_colors_info=&#8221;{}&#8221;][\/et_pb_divider][\/et_pb_column][\/et_pb_row][et_pb_row column_structure=&#8221;1_2,1_2&#8243; admin_label=&#8221;row&#8221; _builder_version=&#8221;4.16&#8243; background_size=&#8221;initial&#8221; background_position=&#8221;top_left&#8221; background_repeat=&#8221;repeat&#8221; custom_padding=&#8221;0px|0px|74px|0px||&#8221; global_colors_info=&#8221;{}&#8221;][et_pb_column type=&#8221;1_2&#8243; _builder_version=&#8221;4.16&#8243; custom_padding=&#8221;|||&#8221; global_colors_info=&#8221;{}&#8221; custom_padding__hover=&#8221;|||&#8221;][et_pb_video src=&#8221;http:\/\/www.gavleapartments.se\/wp-content\/uploads\/2017\/05\/IMG_1893.mp4&#8243; admin_label=&#8221;Video&#8221; _builder_version=&#8221;4.16&#8243; custom_css_main_element=&#8221;width:400px;||margin:0 auto;&#8221; global_colors_info=&#8221;{}&#8221;][\/et_pb_video][\/et_pb_column][et_pb_column type=&#8221;1_2&#8243; _builder_version=&#8221;4.16&#8243; custom_padding=&#8221;|||&#8221; global_colors_info=&#8221;{}&#8221; custom_padding__hover=&#8221;|||&#8221;][et_pb_text admin_label=&#8221;Text&#8221; _builder_version=&#8221;4.16&#8243; background_size=&#8221;initial&#8221; background_position=&#8221;top_left&#8221; background_repeat=&#8221;repeat&#8221; min_height=&#8221;439.4px&#8221; global_colors_info=&#8221;{}&#8221;]<\/p>\n<h1><strong>Lexegr\u00e4nd 5<\/strong><\/h1>\n<p>Nyrustade l\u00e4genheter som \u00e4r 25 till 32 kvm. Alla l\u00e4genheter har nya fr\u00e4scha k\u00f6k med kyl, frys\/frysfack, spis, ugn och husger\u00e5d n\u00e5gra av l\u00e4genheterna har \u00e4ven diskmaskin. L\u00e4genheterna har ekparkettgolv och h\u00e5ller en gedigen standard med trevliga materialval. Samtliga l\u00e4genheter har nyrustade badrum. S\u00e4nglinnen, handdukar, wifi, parkering, st\u00e4dning, kaffe och te ing\u00e5r i priset.<\/p>\n<p>L\u00e4genhet f\u00f6r 1 person &#8211; Fr\u00e5n 700 kr per dygn<br \/>L\u00e4genhet f\u00f6r 2 personer &#8211; Fr\u00e5n 900 kr per dygn<br \/>Familjel\u00e4genhet, 2 vuxna och upp till 2 barn max 12 \u00e5r &#8211; Fr\u00e5n 1400 kr<\/p>\n<p>Om ni \u00e4r intresserad av att hyra v\u00e5ra l\u00e4genheter veckovis s\u00e5 kontakta oss f\u00f6r mer information och pris.<\/p>\n<p>Extras\u00e4ngar &#8211; 300 kr\/person<br \/>Babys\u00e4ng &#8211; Utan kostnad<br \/>Hundar &#8211; 150 kr per hund och natt<\/p>\n<p class=\"\"><span style=\"font-size: 14px; background-color: #ffffff;\">P\u00e5 Lexegr\u00e4nd 5 bor du i ett lugnt omr\u00e5de endast tio minuters promenad fr\u00e5n centrum, v\u00e5rt trevliga boende passar lika \u00a0bra under arbetsveckan som p\u00e5 semestern &#8211; v\u00e4lkommen!<\/span>\u00a0<\/p>\n<h1><\/h1>\n<p>[\/et_pb_text][et_pb_gallery gallery_ids=&#8221;313,307&#8243; show_title_and_caption=&#8221;off&#8221; _builder_version=&#8221;4.18.0&#8243; _module_preset=&#8221;default&#8221; global_colors_info=&#8221;{}&#8221;][\/et_pb_gallery][\/et_pb_column][\/et_pb_row][et_pb_row _builder_version=&#8221;4.18.0&#8243; _module_preset=&#8221;default&#8221; global_colors_info=&#8221;{}&#8221;][et_pb_column type=&#8221;4_4&#8243; _builder_version=&#8221;4.18.0&#8243; _module_preset=&#8221;default&#8221; global_colors_info=&#8221;{}&#8221;][et_pb_divider color=&#8221;#E02B20&#8243; _builder_version=&#8221;4.18.0&#8243; _module_preset=&#8221;default&#8221; min_height=&#8221;53.8px&#8221; global_colors_info=&#8221;{}&#8221;][\/et_pb_divider][\/et_pb_column][\/et_pb_row][et_pb_row admin_label=&#8221;row&#8221; _builder_version=&#8221;4.16&#8243; background_size=&#8221;initial&#8221; background_position=&#8221;top_left&#8221; background_repeat=&#8221;repeat&#8221; custom_padding=&#8221;0px|0px|74px|0px||&#8221; global_colors_info=&#8221;{}&#8221;][et_pb_column type=&#8221;4_4&#8243; _builder_version=&#8221;4.16&#8243; custom_padding=&#8221;|||&#8221; global_colors_info=&#8221;{}&#8221; custom_padding__hover=&#8221;|||&#8221;][et_pb_text admin_label=&#8221;Text&#8221; _builder_version=&#8221;4.16&#8243; background_size=&#8221;initial&#8221; background_position=&#8221;top_left&#8221; background_repeat=&#8221;repeat&#8221; min_height=&#8221;439.4px&#8221; custom_padding=&#8221;||0px|||&#8221; global_colors_info=&#8221;{}&#8221;]<\/p>\n<h1><strong>Luthergatan 24<\/strong><\/h1>\n<p>Nyrustade l\u00e4genheter som \u00e4r 55 kvm. Alla l\u00e4genheter har nya fr\u00e4scha k\u00f6k med kyl, frys\/frysfack, spis, ugn och husger\u00e5d n\u00e5gra av l\u00e4genheterna har \u00e4ven diskmaskin. L\u00e4genheterna har ekparkettgolv och h\u00e5ller en gedigen standard med trevliga materialval. Samtliga l\u00e4genheter har nyrustade badrum. S\u00e4nglinnen, handdukar, wifi, parkering, st\u00e4dning, kaffe och te ing\u00e5r i priset.<\/p>\n<p>L\u00e4genhet f\u00f6r 1 person &#8211; Fr\u00e5n 800 kr per dygn<br \/>L\u00e4genhet f\u00f6r 2 personer &#8211; Fr\u00e5n 1000 kr per dygn<br \/>Familjel\u00e4genhet, 2 vuxna och upp till 2 barn max 12 \u00e5r &#8211; Fr\u00e5n 1600 kr<\/p>\n<p>Om ni \u00e4r intresserad av att hyra v\u00e5ra l\u00e4genheter veckovis s\u00e5 kontakta oss f\u00f6r mer information och pris.<\/p>\n<p>Extras\u00e4ngar &#8211; 300 kr\/person<br \/>Babys\u00e4ng &#8211; Utan kostnad<br \/>Hundar &#8211; 150 kr per hund och natt<\/p>\n<p class=\"\"><span style=\"font-size: 14px; background-color: #ffffff;\">P\u00e5 Luthergatan 24 bor du i ett lugnt omr\u00e5de endast tio minuters promenad fr\u00e5n centrum, v\u00e5rt trevliga boende passar lika \u00a0bra under arbetsveckan som p\u00e5 semestern &#8211; v\u00e4lkommen!<\/span>\u00a0<\/p>\n<p>[\/et_pb_text][et_pb_gallery gallery_ids=&#8221;366,367,368,369,370,371,372&#8243; show_title_and_caption=&#8221;off&#8221; _builder_version=&#8221;4.18.0&#8243; _module_preset=&#8221;default&#8221; global_colors_info=&#8221;{}&#8221;][\/et_pb_gallery][\/et_pb_column][\/et_pb_row][\/et_pb_section]<\/p>\n","protected":false},"excerpt":{"rendered":"<p>V\u00e5ra l\u00e4genheter Vi \u00e4r ett l\u00e4genhetshotell i centrala G\u00e4vle med l\u00e4genheter p\u00e5 Lexegr\u00e4nd 5 och Luthergatan 24. Se mer information om de olika adresserna nedan.\u00a0 Vi har \u00e4ven l\u00e4genheter f\u00f6r l\u00e5ngtidsuthyrning. Avbokningsregler F\u00f6r bokningar av enstaka n\u00e4tter s\u00e5 skall avbokning ske senast kl 18 dagen innan ankomst. F\u00f6r bokningar av en vecka upp till en [&hellip;]<\/p>\n","protected":false},"author":1,"featured_media":0,"parent":0,"menu_order":0,"comment_status":"closed","ping_status":"closed","template":"","meta":{"_et_pb_use_builder":"on","_et_pb_old_content":"","_et_gb_content_width":"","_exactmetrics_skip_tracking":false,"_exactmetrics_sitenote_active":false,"_exactmetrics_sitenote_note":"","_exactmetrics_sitenote_category":0,"footnotes":""},"class_list":["post-80","page","type-page","status-publish","hentry"],"yoast_head":"<!-- This site is optimized with the Yoast SEO plugin v27.3 - https:\/\/yoast.com\/product\/yoast-seo-wordpress\/ -->\n<title>G\u00e4vle Apartments - Vandrarhem, logi, boende, l\u00e4genhetshotell<\/title>\n<meta name=\"description\" content=\"Vi \u00e4r ett enkelt och stilrent l\u00e4genhetshotell i G\u00e4vle. Vill du bo billigt och spara pengar p\u00e5 din logi s\u00e5 \u00e4r du mer \u00e4n v\u00e4lkommen att hyra l\u00e4genhet hos oss.\" \/>\n<meta name=\"robots\" content=\"index, follow, max-snippet:-1, max-image-preview:large, max-video-preview:-1\" \/>\n<link rel=\"canonical\" href=\"https:\/\/www.gavleapartments.se\/index.php\/vara-lagenheter\/\" \/>\n<meta property=\"og:locale\" content=\"sv_SE\" \/>\n<meta property=\"og:type\" content=\"article\" \/>\n<meta property=\"og:title\" content=\"G\u00e4vle Apartments - Vandrarhem, logi, boende, l\u00e4genhetshotell\" \/>\n<meta property=\"og:description\" content=\"Vi \u00e4r ett enkelt och stilrent l\u00e4genhetshotell i G\u00e4vle. Vill du bo billigt och spara pengar p\u00e5 din logi s\u00e5 \u00e4r du mer \u00e4n v\u00e4lkommen att hyra l\u00e4genhet hos oss.\" \/>\n<meta property=\"og:url\" content=\"https:\/\/www.gavleapartments.se\/index.php\/vara-lagenheter\/\" \/>\n<meta property=\"og:site_name\" content=\"G\u00e4vle Apartments\" \/>\n<meta property=\"article:modified_time\" content=\"2024-04-27T11:32:06+00:00\" \/>\n<meta name=\"twitter:card\" content=\"summary_large_image\" \/>\n<meta name=\"twitter:label1\" content=\"Ber\u00e4knad l\u00e4stid\" \/>\n\t<meta name=\"twitter:data1\" content=\"5 minuter\" \/>\n<script type=\"application\/ld+json\" class=\"yoast-schema-graph\">{\"@context\":\"https:\\\/\\\/schema.org\",\"@graph\":[{\"@type\":\"WebPage\",\"@id\":\"https:\\\/\\\/www.gavleapartments.se\\\/index.php\\\/vara-lagenheter\\\/\",\"url\":\"https:\\\/\\\/www.gavleapartments.se\\\/index.php\\\/vara-lagenheter\\\/\",\"name\":\"G\u00e4vle Apartments - Vandrarhem, logi, boende, l\u00e4genhetshotell\",\"isPartOf\":{\"@id\":\"http:\\\/\\\/www.gavleapartments.se\\\/#website\"},\"datePublished\":\"2017-05-13T08:21:58+00:00\",\"dateModified\":\"2024-04-27T11:32:06+00:00\",\"description\":\"Vi \u00e4r ett enkelt och stilrent l\u00e4genhetshotell i G\u00e4vle. Vill du bo billigt och spara pengar p\u00e5 din logi s\u00e5 \u00e4r du mer \u00e4n v\u00e4lkommen att hyra l\u00e4genhet hos oss.\",\"breadcrumb\":{\"@id\":\"https:\\\/\\\/www.gavleapartments.se\\\/index.php\\\/vara-lagenheter\\\/#breadcrumb\"},\"inLanguage\":\"sv-SE\",\"potentialAction\":[{\"@type\":\"ReadAction\",\"target\":[\"https:\\\/\\\/www.gavleapartments.se\\\/index.php\\\/vara-lagenheter\\\/\"]}]},{\"@type\":\"BreadcrumbList\",\"@id\":\"https:\\\/\\\/www.gavleapartments.se\\\/index.php\\\/vara-lagenheter\\\/#breadcrumb\",\"itemListElement\":[{\"@type\":\"ListItem\",\"position\":1,\"name\":\"Hem\",\"item\":\"http:\\\/\\\/www.gavleapartments.se\\\/\"},{\"@type\":\"ListItem\",\"position\":2,\"name\":\"V\u00e5ra l\u00e4genheter\"}]},{\"@type\":\"WebSite\",\"@id\":\"http:\\\/\\\/www.gavleapartments.se\\\/#website\",\"url\":\"http:\\\/\\\/www.gavleapartments.se\\\/\",\"name\":\"G\u00e4vle Apartments\",\"description\":\"Hyr l\u00e4genhet i G\u00e4vle\",\"potentialAction\":[{\"@type\":\"SearchAction\",\"target\":{\"@type\":\"EntryPoint\",\"urlTemplate\":\"http:\\\/\\\/www.gavleapartments.se\\\/?s={search_term_string}\"},\"query-input\":{\"@type\":\"PropertyValueSpecification\",\"valueRequired\":true,\"valueName\":\"search_term_string\"}}],\"inLanguage\":\"sv-SE\"}]}<\/script>\n<!-- \/ Yoast SEO plugin. -->","yoast_head_json":{"title":"G\u00e4vle Apartments - Vandrarhem, logi, boende, l\u00e4genhetshotell","description":"Vi \u00e4r ett enkelt och stilrent l\u00e4genhetshotell i G\u00e4vle. Vill du bo billigt och spara pengar p\u00e5 din logi s\u00e5 \u00e4r du mer \u00e4n v\u00e4lkommen att hyra l\u00e4genhet hos oss.","robots":{"index":"index","follow":"follow","max-snippet":"max-snippet:-1","max-image-preview":"max-image-preview:large","max-video-preview":"max-video-preview:-1"},"canonical":"https:\/\/www.gavleapartments.se\/index.php\/vara-lagenheter\/","og_locale":"sv_SE","og_type":"article","og_title":"G\u00e4vle Apartments - Vandrarhem, logi, boende, l\u00e4genhetshotell","og_description":"Vi \u00e4r ett enkelt och stilrent l\u00e4genhetshotell i G\u00e4vle. Vill du bo billigt och spara pengar p\u00e5 din logi s\u00e5 \u00e4r du mer \u00e4n v\u00e4lkommen att hyra l\u00e4genhet hos oss.","og_url":"https:\/\/www.gavleapartments.se\/index.php\/vara-lagenheter\/","og_site_name":"G\u00e4vle Apartments","article_modified_time":"2024-04-27T11:32:06+00:00","twitter_card":"summary_large_image","twitter_misc":{"Ber\u00e4knad l\u00e4stid":"5 minuter"},"schema":{"@context":"https:\/\/schema.org","@graph":[{"@type":"WebPage","@id":"https:\/\/www.gavleapartments.se\/index.php\/vara-lagenheter\/","url":"https:\/\/www.gavleapartments.se\/index.php\/vara-lagenheter\/","name":"G\u00e4vle Apartments - Vandrarhem, logi, boende, l\u00e4genhetshotell","isPartOf":{"@id":"http:\/\/www.gavleapartments.se\/#website"},"datePublished":"2017-05-13T08:21:58+00:00","dateModified":"2024-04-27T11:32:06+00:00","description":"Vi \u00e4r ett enkelt och stilrent l\u00e4genhetshotell i G\u00e4vle. Vill du bo billigt och spara pengar p\u00e5 din logi s\u00e5 \u00e4r du mer \u00e4n v\u00e4lkommen att hyra l\u00e4genhet hos oss.","breadcrumb":{"@id":"https:\/\/www.gavleapartments.se\/index.php\/vara-lagenheter\/#breadcrumb"},"inLanguage":"sv-SE","potentialAction":[{"@type":"ReadAction","target":["https:\/\/www.gavleapartments.se\/index.php\/vara-lagenheter\/"]}]},{"@type":"BreadcrumbList","@id":"https:\/\/www.gavleapartments.se\/index.php\/vara-lagenheter\/#breadcrumb","itemListElement":[{"@type":"ListItem","position":1,"name":"Hem","item":"http:\/\/www.gavleapartments.se\/"},{"@type":"ListItem","position":2,"name":"V\u00e5ra l\u00e4genheter"}]},{"@type":"WebSite","@id":"http:\/\/www.gavleapartments.se\/#website","url":"http:\/\/www.gavleapartments.se\/","name":"G\u00e4vle Apartments","description":"Hyr l\u00e4genhet i G\u00e4vle","potentialAction":[{"@type":"SearchAction","target":{"@type":"EntryPoint","urlTemplate":"http:\/\/www.gavleapartments.se\/?s={search_term_string}"},"query-input":{"@type":"PropertyValueSpecification","valueRequired":true,"valueName":"search_term_string"}}],"inLanguage":"sv-SE"}]}},"_links":{"self":[{"href":"https:\/\/www.gavleapartments.se\/index.php\/wp-json\/wp\/v2\/pages\/80","targetHints":{"allow":["GET"]}}],"collection":[{"href":"https:\/\/www.gavleapartments.se\/index.php\/wp-json\/wp\/v2\/pages"}],"about":[{"href":"https:\/\/www.gavleapartments.se\/index.php\/wp-json\/wp\/v2\/types\/page"}],"author":[{"embeddable":true,"href":"https:\/\/www.gavleapartments.se\/index.php\/wp-json\/wp\/v2\/users\/1"}],"replies":[{"embeddable":true,"href":"https:\/\/www.gavleapartments.se\/index.php\/wp-json\/wp\/v2\/comments?post=80"}],"version-history":[{"count":25,"href":"https:\/\/www.gavleapartments.se\/index.php\/wp-json\/wp\/v2\/pages\/80\/revisions"}],"predecessor-version":[{"id":398,"href":"https:\/\/www.gavleapartments.se\/index.php\/wp-json\/wp\/v2\/pages\/80\/revisions\/398"}],"wp:attachment":[{"href":"https:\/\/www.gavleapartments.se\/index.php\/wp-json\/wp\/v2\/media?parent=80"}],"curies":[{"name":"wp","href":"https:\/\/api.w.org\/{rel}","templated":true}]}}