{"id":82,"date":"2017-05-13T10:22:09","date_gmt":"2017-05-13T08:22:09","guid":{"rendered":"http:\/\/localhost\/gavleapartments\/?page_id=82"},"modified":"2022-10-14T09:05:52","modified_gmt":"2022-10-14T07:05:52","slug":"galleri-lagenheter-gavle","status":"publish","type":"page","link":"https:\/\/www.gavleapartments.se\/index.php\/galleri-lagenheter-gavle\/","title":{"rendered":"Galleri"},"content":{"rendered":"<p>[et_pb_section fb_built=&#8221;1&#8243; admin_label=&#8221;section&#8221; _builder_version=&#8221;4.16&#8243; global_colors_info=&#8221;{}&#8221;][et_pb_row admin_label=&#8221;row&#8221; _builder_version=&#8221;4.16&#8243; background_size=&#8221;initial&#8221; background_position=&#8221;top_left&#8221; background_repeat=&#8221;repeat&#8221; custom_padding=&#8221;0px|0px|27px|0px&#8221; global_colors_info=&#8221;{}&#8221;][et_pb_column type=&#8221;4_4&#8243; _builder_version=&#8221;4.16&#8243; custom_padding=&#8221;|||&#8221; global_colors_info=&#8221;{}&#8221; custom_padding__hover=&#8221;|||&#8221;][et_pb_text admin_label=&#8221;Text&#8221; _builder_version=&#8221;4.16&#8243; background_size=&#8221;initial&#8221; background_position=&#8221;top_left&#8221; background_repeat=&#8221;repeat&#8221; global_colors_info=&#8221;{}&#8221;]<\/p>\n<h1><strong>Galleri &#8211; Lexegr\u00e4nd 5<\/strong><\/h1>\n<p>[\/et_pb_text][et_pb_gallery gallery_ids=&#8221;320,309,319,303,301,143,147,148,154,156,316,315,314,313,312,311,310,308,307,306,305,304,300&#8243; posts_number=&#8221;35&#8243; show_title_and_caption=&#8221;off&#8221; show_pagination=&#8221;off&#8221; admin_label=&#8221;Galleri&#8221; _builder_version=&#8221;4.16&#8243; caption_font_size=&#8221;1&#8243; global_colors_info=&#8221;{}&#8221; custom_margin=&#8221;||-3px|||&#8221;][\/et_pb_gallery][et_pb_image align_tablet=&#8221;center&#8221; align_last_edited=&#8221;on|desktop&#8221; _builder_version=&#8221;4.16&#8243; animation_style=&#8221;slide&#8221; animation_direction=&#8221;left&#8221; animation_duration=&#8221;500ms&#8221; animation_intensity_slide=&#8221;10%&#8221; global_colors_info=&#8221;{}&#8221; custom_margin=&#8221;-23px|||||&#8221; align_phone=&#8221;center&#8221;][\/et_pb_image][et_pb_text admin_label=&#8221;Text&#8221; _builder_version=&#8221;4.16&#8243; background_size=&#8221;initial&#8221; background_position=&#8221;top_left&#8221; background_repeat=&#8221;repeat&#8221; global_colors_info=&#8221;{}&#8221;]<\/p>\n<h1 style=\"text-align: center;\"><strong>Video<\/strong><\/h1>\n<p>[\/et_pb_text][et_pb_video src=&#8221;http:\/\/www.gavleapartments.se\/wp-content\/uploads\/2017\/05\/IMG_1893.mp4&#8243; admin_label=&#8221;Video&#8221; _builder_version=&#8221;4.16&#8243; custom_css_main_element=&#8221;width:400px;||margin:0 auto;&#8221; global_colors_info=&#8221;{}&#8221;][\/et_pb_video][\/et_pb_column][\/et_pb_row][et_pb_row _builder_version=&#8221;4.18.0&#8243; _module_preset=&#8221;default&#8221;][et_pb_column _builder_version=&#8221;4.18.0&#8243; _module_preset=&#8221;default&#8221; type=&#8221;4_4&#8243;][et_pb_divider _builder_version=&#8221;4.18.0&#8243; _module_preset=&#8221;default&#8221; hover_enabled=&#8221;0&#8243; sticky_enabled=&#8221;0&#8243;][\/et_pb_divider][\/et_pb_column][\/et_pb_row][et_pb_row admin_label=&#8221;row&#8221; _builder_version=&#8221;4.16&#8243; background_size=&#8221;initial&#8221; background_position=&#8221;top_left&#8221; background_repeat=&#8221;repeat&#8221; custom_padding=&#8221;0px|0px|27px|0px&#8221; global_colors_info=&#8221;{}&#8221;][et_pb_column type=&#8221;4_4&#8243; _builder_version=&#8221;4.16&#8243; custom_padding=&#8221;|||&#8221; global_colors_info=&#8221;{}&#8221; custom_padding__hover=&#8221;|||&#8221;][et_pb_text admin_label=&#8221;Text&#8221; _builder_version=&#8221;4.16&#8243; background_size=&#8221;initial&#8221; background_position=&#8221;top_left&#8221; background_repeat=&#8221;repeat&#8221; global_colors_info=&#8221;{}&#8221;]<\/p>\n<h1><strong>Galleri &#8211; Luthergatan 24<\/strong><\/h1>\n<p>[\/et_pb_text][et_pb_gallery gallery_ids=&#8221;366,372,371,370,369,368,367&#8243; posts_number=&#8221;35&#8243; show_title_and_caption=&#8221;off&#8221; show_pagination=&#8221;off&#8221; admin_label=&#8221;Galleri&#8221; _builder_version=&#8221;4.18.0&#8243; caption_font_size=&#8221;1&#8243; hover_enabled=&#8221;0&#8243; global_colors_info=&#8221;{}&#8221; sticky_enabled=&#8221;0&#8243;][\/et_pb_gallery][et_pb_image align_tablet=&#8221;center&#8221; align_last_edited=&#8221;on|desktop&#8221; _builder_version=&#8221;4.16&#8243; animation_style=&#8221;slide&#8221; animation_direction=&#8221;left&#8221; animation_duration=&#8221;500ms&#8221; animation_intensity_slide=&#8221;10%&#8221; global_colors_info=&#8221;{}&#8221; align_phone=&#8221;center&#8221;][\/et_pb_image][\/et_pb_column][\/et_pb_row][\/et_pb_section]<\/p>\n","protected":false},"excerpt":{"rendered":"<p>Galleri &#8211; Lexegr\u00e4nd 5Video Galleri &#8211; Luthergatan 24<\/p>\n","protected":false},"author":1,"featured_media":0,"parent":0,"menu_order":0,"comment_status":"closed","ping_status":"closed","template":"","meta":{"_et_pb_use_builder":"on","_et_pb_old_content":"","_et_gb_content_width":"","_exactmetrics_skip_tracking":false,"_exactmetrics_sitenote_active":false,"_exactmetrics_sitenote_note":"","_exactmetrics_sitenote_category":0,"footnotes":""},"class_list":["post-82","page","type-page","status-publish","hentry"],"yoast_head":"<!-- This site is optimized with the Yoast SEO plugin v27.3 - https:\/\/yoast.com\/product\/yoast-seo-wordpress\/ -->\n<title>Galleri - G\u00e4vle Apartments<\/title>\n<meta name=\"description\" content=\"V\u00e5ra l\u00e4genheter tillg\u00e4ngliga f\u00f6r uthyrning. V\u00e5rt l\u00e4genhetshotell har stora rum och flera bekv\u00e4mligheter. Perfekt f\u00f6r dig som s\u00f6ker boende\/logi i G\u00e4vle.\" \/>\n<meta name=\"robots\" content=\"index, follow, max-snippet:-1, max-image-preview:large, max-video-preview:-1\" \/>\n<link rel=\"canonical\" href=\"http:\/\/www.gavleapartments.se\/index.php\/galleri-lagenheter-gavle\/\" \/>\n<meta property=\"og:locale\" content=\"sv_SE\" \/>\n<meta property=\"og:type\" content=\"article\" \/>\n<meta property=\"og:title\" content=\"Galleri - G\u00e4vle Apartments\" \/>\n<meta property=\"og:description\" content=\"V\u00e5ra l\u00e4genheter tillg\u00e4ngliga f\u00f6r uthyrning. V\u00e5rt l\u00e4genhetshotell har stora rum och flera bekv\u00e4mligheter. Perfekt f\u00f6r dig som s\u00f6ker boende\/logi i G\u00e4vle.\" \/>\n<meta property=\"og:url\" content=\"http:\/\/www.gavleapartments.se\/index.php\/galleri-lagenheter-gavle\/\" \/>\n<meta property=\"og:site_name\" content=\"G\u00e4vle Apartments\" \/>\n<meta property=\"article:modified_time\" content=\"2022-10-14T07:05:52+00:00\" \/>\n<meta name=\"twitter:card\" content=\"summary_large_image\" \/>\n<meta name=\"twitter:label1\" content=\"Ber\u00e4knad l\u00e4stid\" \/>\n\t<meta name=\"twitter:data1\" content=\"2 minuter\" \/>\n<script type=\"application\/ld+json\" class=\"yoast-schema-graph\">{\"@context\":\"https:\\\/\\\/schema.org\",\"@graph\":[{\"@type\":\"WebPage\",\"@id\":\"http:\\\/\\\/www.gavleapartments.se\\\/index.php\\\/galleri-lagenheter-gavle\\\/\",\"url\":\"http:\\\/\\\/www.gavleapartments.se\\\/index.php\\\/galleri-lagenheter-gavle\\\/\",\"name\":\"Galleri - G\u00e4vle Apartments\",\"isPartOf\":{\"@id\":\"https:\\\/\\\/www.gavleapartments.se\\\/#website\"},\"datePublished\":\"2017-05-13T08:22:09+00:00\",\"dateModified\":\"2022-10-14T07:05:52+00:00\",\"description\":\"V\u00e5ra l\u00e4genheter tillg\u00e4ngliga f\u00f6r uthyrning. V\u00e5rt l\u00e4genhetshotell har stora rum och flera bekv\u00e4mligheter. Perfekt f\u00f6r dig som s\u00f6ker boende\\\/logi i G\u00e4vle.\",\"breadcrumb\":{\"@id\":\"http:\\\/\\\/www.gavleapartments.se\\\/index.php\\\/galleri-lagenheter-gavle\\\/#breadcrumb\"},\"inLanguage\":\"sv-SE\",\"potentialAction\":[{\"@type\":\"ReadAction\",\"target\":[\"http:\\\/\\\/www.gavleapartments.se\\\/index.php\\\/galleri-lagenheter-gavle\\\/\"]}]},{\"@type\":\"BreadcrumbList\",\"@id\":\"http:\\\/\\\/www.gavleapartments.se\\\/index.php\\\/galleri-lagenheter-gavle\\\/#breadcrumb\",\"itemListElement\":[{\"@type\":\"ListItem\",\"position\":1,\"name\":\"Hem\",\"item\":\"https:\\\/\\\/www.gavleapartments.se\\\/\"},{\"@type\":\"ListItem\",\"position\":2,\"name\":\"Galleri\"}]},{\"@type\":\"WebSite\",\"@id\":\"https:\\\/\\\/www.gavleapartments.se\\\/#website\",\"url\":\"https:\\\/\\\/www.gavleapartments.se\\\/\",\"name\":\"G\u00e4vle Apartments\",\"description\":\"Hyr l\u00e4genhet i G\u00e4vle\",\"potentialAction\":[{\"@type\":\"SearchAction\",\"target\":{\"@type\":\"EntryPoint\",\"urlTemplate\":\"https:\\\/\\\/www.gavleapartments.se\\\/?s={search_term_string}\"},\"query-input\":{\"@type\":\"PropertyValueSpecification\",\"valueRequired\":true,\"valueName\":\"search_term_string\"}}],\"inLanguage\":\"sv-SE\"}]}<\/script>\n<!-- \/ Yoast SEO plugin. -->","yoast_head_json":{"title":"Galleri - G\u00e4vle Apartments","description":"V\u00e5ra l\u00e4genheter tillg\u00e4ngliga f\u00f6r uthyrning. V\u00e5rt l\u00e4genhetshotell har stora rum och flera bekv\u00e4mligheter. Perfekt f\u00f6r dig som s\u00f6ker boende\/logi i G\u00e4vle.","robots":{"index":"index","follow":"follow","max-snippet":"max-snippet:-1","max-image-preview":"max-image-preview:large","max-video-preview":"max-video-preview:-1"},"canonical":"http:\/\/www.gavleapartments.se\/index.php\/galleri-lagenheter-gavle\/","og_locale":"sv_SE","og_type":"article","og_title":"Galleri - G\u00e4vle Apartments","og_description":"V\u00e5ra l\u00e4genheter tillg\u00e4ngliga f\u00f6r uthyrning. V\u00e5rt l\u00e4genhetshotell har stora rum och flera bekv\u00e4mligheter. Perfekt f\u00f6r dig som s\u00f6ker boende\/logi i G\u00e4vle.","og_url":"http:\/\/www.gavleapartments.se\/index.php\/galleri-lagenheter-gavle\/","og_site_name":"G\u00e4vle Apartments","article_modified_time":"2022-10-14T07:05:52+00:00","twitter_card":"summary_large_image","twitter_misc":{"Ber\u00e4knad l\u00e4stid":"2 minuter"},"schema":{"@context":"https:\/\/schema.org","@graph":[{"@type":"WebPage","@id":"http:\/\/www.gavleapartments.se\/index.php\/galleri-lagenheter-gavle\/","url":"http:\/\/www.gavleapartments.se\/index.php\/galleri-lagenheter-gavle\/","name":"Galleri - G\u00e4vle Apartments","isPartOf":{"@id":"https:\/\/www.gavleapartments.se\/#website"},"datePublished":"2017-05-13T08:22:09+00:00","dateModified":"2022-10-14T07:05:52+00:00","description":"V\u00e5ra l\u00e4genheter tillg\u00e4ngliga f\u00f6r uthyrning. V\u00e5rt l\u00e4genhetshotell har stora rum och flera bekv\u00e4mligheter. Perfekt f\u00f6r dig som s\u00f6ker boende\/logi i G\u00e4vle.","breadcrumb":{"@id":"http:\/\/www.gavleapartments.se\/index.php\/galleri-lagenheter-gavle\/#breadcrumb"},"inLanguage":"sv-SE","potentialAction":[{"@type":"ReadAction","target":["http:\/\/www.gavleapartments.se\/index.php\/galleri-lagenheter-gavle\/"]}]},{"@type":"BreadcrumbList","@id":"http:\/\/www.gavleapartments.se\/index.php\/galleri-lagenheter-gavle\/#breadcrumb","itemListElement":[{"@type":"ListItem","position":1,"name":"Hem","item":"https:\/\/www.gavleapartments.se\/"},{"@type":"ListItem","position":2,"name":"Galleri"}]},{"@type":"WebSite","@id":"https:\/\/www.gavleapartments.se\/#website","url":"https:\/\/www.gavleapartments.se\/","name":"G\u00e4vle Apartments","description":"Hyr l\u00e4genhet i G\u00e4vle","potentialAction":[{"@type":"SearchAction","target":{"@type":"EntryPoint","urlTemplate":"https:\/\/www.gavleapartments.se\/?s={search_term_string}"},"query-input":{"@type":"PropertyValueSpecification","valueRequired":true,"valueName":"search_term_string"}}],"inLanguage":"sv-SE"}]}},"_links":{"self":[{"href":"https:\/\/www.gavleapartments.se\/index.php\/wp-json\/wp\/v2\/pages\/82","targetHints":{"allow":["GET"]}}],"collection":[{"href":"https:\/\/www.gavleapartments.se\/index.php\/wp-json\/wp\/v2\/pages"}],"about":[{"href":"https:\/\/www.gavleapartments.se\/index.php\/wp-json\/wp\/v2\/types\/page"}],"author":[{"embeddable":true,"href":"https:\/\/www.gavleapartments.se\/index.php\/wp-json\/wp\/v2\/users\/1"}],"replies":[{"embeddable":true,"href":"https:\/\/www.gavleapartments.se\/index.php\/wp-json\/wp\/v2\/comments?post=82"}],"version-history":[{"count":10,"href":"https:\/\/www.gavleapartments.se\/index.php\/wp-json\/wp\/v2\/pages\/82\/revisions"}],"predecessor-version":[{"id":376,"href":"https:\/\/www.gavleapartments.se\/index.php\/wp-json\/wp\/v2\/pages\/82\/revisions\/376"}],"wp:attachment":[{"href":"https:\/\/www.gavleapartments.se\/index.php\/wp-json\/wp\/v2\/media?parent=82"}],"curies":[{"name":"wp","href":"https:\/\/api.w.org\/{rel}","templated":true}]}}