{"id":84,"date":"2017-05-13T10:22:22","date_gmt":"2017-05-13T08:22:22","guid":{"rendered":"http:\/\/localhost\/gavleapartments\/?page_id=84"},"modified":"2024-10-28T12:05:01","modified_gmt":"2024-10-28T11:05:01","slug":"kontakta-oss","status":"publish","type":"page","link":"https:\/\/www.gavleapartments.se\/index.php\/kontakta-oss\/","title":{"rendered":"Kontakta oss"},"content":{"rendered":"<p>[et_pb_section fb_built=&#8221;1&#8243; admin_label=&#8221;section&#8221; _builder_version=&#8221;4.16&#8243; global_colors_info=&#8221;{}&#8221;][et_pb_row column_structure=&#8221;1_3,1_3,1_3&#8243; admin_label=&#8221;row&#8221; _builder_version=&#8221;4.16&#8243; background_size=&#8221;initial&#8221; background_position=&#8221;top_left&#8221; background_repeat=&#8221;repeat&#8221; global_colors_info=&#8221;{}&#8221;][et_pb_column type=&#8221;1_3&#8243; _builder_version=&#8221;4.16&#8243; custom_padding=&#8221;|||&#8221; global_colors_info=&#8221;{}&#8221; custom_padding__hover=&#8221;|||&#8221;][et_pb_text admin_label=&#8221;Text&#8221; _builder_version=&#8221;4.16&#8243; background_size=&#8221;initial&#8221; background_position=&#8221;top_left&#8221; background_repeat=&#8221;repeat&#8221; global_colors_info=&#8221;{}&#8221;]<\/p>\n<h1 style=\"text-align: left;\"><strong>G\u00e4vle Apartments<\/strong><\/h1>\n<p style=\"text-align: left;\">G\u00e4vle <span>Apartments\u00a0<\/span>\u00e4r ett familjef\u00f6retag som erbjuder ett prisv\u00e4rt och fr\u00e4scht boende i centrala G\u00e4vle.<\/p>\n<p>[\/et_pb_text][et_pb_text admin_label=&#8221;Text&#8221; _builder_version=&#8221;4.16&#8243; background_size=&#8221;initial&#8221; background_position=&#8221;top_left&#8221; background_repeat=&#8221;repeat&#8221; global_colors_info=&#8221;{}&#8221;]\t\t\t\t[\/et_pb_text][\/et_pb_column][et_pb_column type=&#8221;1_3&#8243; _builder_version=&#8221;4.16&#8243; custom_padding=&#8221;|||&#8221; global_colors_info=&#8221;{}&#8221; custom_padding__hover=&#8221;|||&#8221;][et_pb_text admin_label=&#8221;Text&#8221; _builder_version=&#8221;4.24.2&#8243; background_size=&#8221;initial&#8221; background_position=&#8221;top_left&#8221; background_repeat=&#8221;repeat&#8221; hover_enabled=&#8221;0&#8243; global_colors_info=&#8221;{}&#8221; sticky_enabled=&#8221;0&#8243;]<\/p>\n<h1><strong>Information och bokning<\/strong><\/h1>\n<p>Ring eller maila oss f\u00f6r mer information eller f\u00f6r att boka!<\/p>\n<p>Telefon: 070 &#8211; 338 48 35<\/p>\n<p><a href=\"mailto:%20info@gavleapartments.se\">E-post<\/a><\/p>\n<p>[\/et_pb_text][\/et_pb_column][et_pb_column type=&#8221;1_3&#8243; _builder_version=&#8221;4.16&#8243; custom_padding=&#8221;|||&#8221; global_colors_info=&#8221;{}&#8221; custom_padding__hover=&#8221;|||&#8221;][et_pb_text admin_label=&#8221;Text&#8221; _builder_version=&#8221;4.16&#8243; background_size=&#8221;initial&#8221; background_position=&#8221;top_left&#8221; background_repeat=&#8221;repeat&#8221; global_colors_info=&#8221;{}&#8221;]<\/p>\n<h1><strong>Hitta till oss<\/strong><\/h1>\n<p>Vi finns fyra kvarter fr\u00e5n stortorget i G\u00e4vle och 1,5 km fr\u00e5n t\u00e5gstationen.<\/p>\n<p>V\u00e5ra l\u00e4genheter finns p\u00e5 Lexegr\u00e4nd 5 och Luthergatan 24 i G\u00e4vle.<\/p>\n<p>Ring oss g\u00e4rna f\u00f6r v\u00e4gbeskrivning.<\/p>\n<p>[\/et_pb_text][\/et_pb_column][\/et_pb_row][\/et_pb_section]<\/p>\n","protected":false},"excerpt":{"rendered":"<p>G\u00e4vle Apartments G\u00e4vle Apartments\u00a0\u00e4r ett familjef\u00f6retag som erbjuder ett prisv\u00e4rt och fr\u00e4scht boende i centrala G\u00e4vle. Information och bokning Ring eller maila oss f\u00f6r mer information eller f\u00f6r att boka! Telefon: 070 &#8211; 338 48 35 E-postHitta till oss Vi finns fyra kvarter fr\u00e5n stortorget i G\u00e4vle och 1,5 km fr\u00e5n t\u00e5gstationen. V\u00e5ra l\u00e4genheter finns [&hellip;]<\/p>\n","protected":false},"author":1,"featured_media":0,"parent":0,"menu_order":0,"comment_status":"closed","ping_status":"closed","template":"","meta":{"_et_pb_use_builder":"on","_et_pb_old_content":"","_et_gb_content_width":"","_exactmetrics_skip_tracking":false,"_exactmetrics_sitenote_active":false,"_exactmetrics_sitenote_note":"","_exactmetrics_sitenote_category":0,"footnotes":""},"class_list":["post-84","page","type-page","status-publish","hentry"],"yoast_head":"<!-- This site is optimized with the Yoast SEO plugin v27.3 - https:\/\/yoast.com\/product\/yoast-seo-wordpress\/ -->\n<title>Kontakta oss - G\u00e4vle Apartments<\/title>\n<meta name=\"robots\" content=\"index, follow, max-snippet:-1, max-image-preview:large, max-video-preview:-1\" \/>\n<link rel=\"canonical\" href=\"https:\/\/www.gavleapartments.se\/index.php\/kontakta-oss\/\" \/>\n<meta property=\"og:locale\" content=\"sv_SE\" \/>\n<meta property=\"og:type\" content=\"article\" \/>\n<meta property=\"og:title\" content=\"Kontakta oss - G\u00e4vle Apartments\" \/>\n<meta property=\"og:description\" content=\"G\u00e4vle Apartments G\u00e4vle Apartments\u00a0\u00e4r ett familjef\u00f6retag som erbjuder ett prisv\u00e4rt och fr\u00e4scht boende i centrala G\u00e4vle. Information och bokning Ring eller maila oss f\u00f6r mer information eller f\u00f6r att boka! Telefon: 070 - 338 48 35 E-postHitta till oss Vi finns fyra kvarter fr\u00e5n stortorget i G\u00e4vle och 1,5 km fr\u00e5n t\u00e5gstationen. V\u00e5ra l\u00e4genheter finns [&hellip;]\" \/>\n<meta property=\"og:url\" content=\"https:\/\/www.gavleapartments.se\/index.php\/kontakta-oss\/\" \/>\n<meta property=\"og:site_name\" content=\"G\u00e4vle Apartments\" \/>\n<meta property=\"article:modified_time\" content=\"2024-10-28T11:05:01+00:00\" \/>\n<meta name=\"twitter:card\" content=\"summary_large_image\" \/>\n<meta name=\"twitter:label1\" content=\"Ber\u00e4knad l\u00e4stid\" \/>\n\t<meta name=\"twitter:data1\" content=\"1 minut\" \/>\n<script type=\"application\/ld+json\" class=\"yoast-schema-graph\">{\"@context\":\"https:\\\/\\\/schema.org\",\"@graph\":[{\"@type\":\"WebPage\",\"@id\":\"https:\\\/\\\/www.gavleapartments.se\\\/index.php\\\/kontakta-oss\\\/\",\"url\":\"https:\\\/\\\/www.gavleapartments.se\\\/index.php\\\/kontakta-oss\\\/\",\"name\":\"Kontakta oss - G\u00e4vle Apartments\",\"isPartOf\":{\"@id\":\"https:\\\/\\\/www.gavleapartments.se\\\/#website\"},\"datePublished\":\"2017-05-13T08:22:22+00:00\",\"dateModified\":\"2024-10-28T11:05:01+00:00\",\"breadcrumb\":{\"@id\":\"https:\\\/\\\/www.gavleapartments.se\\\/index.php\\\/kontakta-oss\\\/#breadcrumb\"},\"inLanguage\":\"sv-SE\",\"potentialAction\":[{\"@type\":\"ReadAction\",\"target\":[\"https:\\\/\\\/www.gavleapartments.se\\\/index.php\\\/kontakta-oss\\\/\"]}]},{\"@type\":\"BreadcrumbList\",\"@id\":\"https:\\\/\\\/www.gavleapartments.se\\\/index.php\\\/kontakta-oss\\\/#breadcrumb\",\"itemListElement\":[{\"@type\":\"ListItem\",\"position\":1,\"name\":\"Hem\",\"item\":\"https:\\\/\\\/www.gavleapartments.se\\\/\"},{\"@type\":\"ListItem\",\"position\":2,\"name\":\"Kontakta oss\"}]},{\"@type\":\"WebSite\",\"@id\":\"https:\\\/\\\/www.gavleapartments.se\\\/#website\",\"url\":\"https:\\\/\\\/www.gavleapartments.se\\\/\",\"name\":\"G\u00e4vle Apartments\",\"description\":\"Hyr l\u00e4genhet i G\u00e4vle\",\"potentialAction\":[{\"@type\":\"SearchAction\",\"target\":{\"@type\":\"EntryPoint\",\"urlTemplate\":\"https:\\\/\\\/www.gavleapartments.se\\\/?s={search_term_string}\"},\"query-input\":{\"@type\":\"PropertyValueSpecification\",\"valueRequired\":true,\"valueName\":\"search_term_string\"}}],\"inLanguage\":\"sv-SE\"}]}<\/script>\n<!-- \/ Yoast SEO plugin. -->","yoast_head_json":{"title":"Kontakta oss - G\u00e4vle Apartments","robots":{"index":"index","follow":"follow","max-snippet":"max-snippet:-1","max-image-preview":"max-image-preview:large","max-video-preview":"max-video-preview:-1"},"canonical":"https:\/\/www.gavleapartments.se\/index.php\/kontakta-oss\/","og_locale":"sv_SE","og_type":"article","og_title":"Kontakta oss - G\u00e4vle Apartments","og_description":"G\u00e4vle Apartments G\u00e4vle Apartments\u00a0\u00e4r ett familjef\u00f6retag som erbjuder ett prisv\u00e4rt och fr\u00e4scht boende i centrala G\u00e4vle. Information och bokning Ring eller maila oss f\u00f6r mer information eller f\u00f6r att boka! Telefon: 070 - 338 48 35 E-postHitta till oss Vi finns fyra kvarter fr\u00e5n stortorget i G\u00e4vle och 1,5 km fr\u00e5n t\u00e5gstationen. V\u00e5ra l\u00e4genheter finns [&hellip;]","og_url":"https:\/\/www.gavleapartments.se\/index.php\/kontakta-oss\/","og_site_name":"G\u00e4vle Apartments","article_modified_time":"2024-10-28T11:05:01+00:00","twitter_card":"summary_large_image","twitter_misc":{"Ber\u00e4knad l\u00e4stid":"1 minut"},"schema":{"@context":"https:\/\/schema.org","@graph":[{"@type":"WebPage","@id":"https:\/\/www.gavleapartments.se\/index.php\/kontakta-oss\/","url":"https:\/\/www.gavleapartments.se\/index.php\/kontakta-oss\/","name":"Kontakta oss - G\u00e4vle Apartments","isPartOf":{"@id":"https:\/\/www.gavleapartments.se\/#website"},"datePublished":"2017-05-13T08:22:22+00:00","dateModified":"2024-10-28T11:05:01+00:00","breadcrumb":{"@id":"https:\/\/www.gavleapartments.se\/index.php\/kontakta-oss\/#breadcrumb"},"inLanguage":"sv-SE","potentialAction":[{"@type":"ReadAction","target":["https:\/\/www.gavleapartments.se\/index.php\/kontakta-oss\/"]}]},{"@type":"BreadcrumbList","@id":"https:\/\/www.gavleapartments.se\/index.php\/kontakta-oss\/#breadcrumb","itemListElement":[{"@type":"ListItem","position":1,"name":"Hem","item":"https:\/\/www.gavleapartments.se\/"},{"@type":"ListItem","position":2,"name":"Kontakta oss"}]},{"@type":"WebSite","@id":"https:\/\/www.gavleapartments.se\/#website","url":"https:\/\/www.gavleapartments.se\/","name":"G\u00e4vle Apartments","description":"Hyr l\u00e4genhet i G\u00e4vle","potentialAction":[{"@type":"SearchAction","target":{"@type":"EntryPoint","urlTemplate":"https:\/\/www.gavleapartments.se\/?s={search_term_string}"},"query-input":{"@type":"PropertyValueSpecification","valueRequired":true,"valueName":"search_term_string"}}],"inLanguage":"sv-SE"}]}},"_links":{"self":[{"href":"https:\/\/www.gavleapartments.se\/index.php\/wp-json\/wp\/v2\/pages\/84","targetHints":{"allow":["GET"]}}],"collection":[{"href":"https:\/\/www.gavleapartments.se\/index.php\/wp-json\/wp\/v2\/pages"}],"about":[{"href":"https:\/\/www.gavleapartments.se\/index.php\/wp-json\/wp\/v2\/types\/page"}],"author":[{"embeddable":true,"href":"https:\/\/www.gavleapartments.se\/index.php\/wp-json\/wp\/v2\/users\/1"}],"replies":[{"embeddable":true,"href":"https:\/\/www.gavleapartments.se\/index.php\/wp-json\/wp\/v2\/comments?post=84"}],"version-history":[{"count":12,"href":"https:\/\/www.gavleapartments.se\/index.php\/wp-json\/wp\/v2\/pages\/84\/revisions"}],"predecessor-version":[{"id":403,"href":"https:\/\/www.gavleapartments.se\/index.php\/wp-json\/wp\/v2\/pages\/84\/revisions\/403"}],"wp:attachment":[{"href":"https:\/\/www.gavleapartments.se\/index.php\/wp-json\/wp\/v2\/media?parent=84"}],"curies":[{"name":"wp","href":"https:\/\/api.w.org\/{rel}","templated":true}]}}