{"id":86,"date":"2017-05-13T10:22:41","date_gmt":"2017-05-13T08:22:41","guid":{"rendered":"http:\/\/localhost\/gavleapartments\/?page_id=86"},"modified":"2024-04-27T13:35:07","modified_gmt":"2024-04-27T11:35:07","slug":"english","status":"publish","type":"page","link":"https:\/\/www.gavleapartments.se\/index.php\/english\/","title":{"rendered":"English"},"content":{"rendered":"<p>[et_pb_section fb_built=&#8221;1&#8243; admin_label=&#8221;section&#8221; _builder_version=&#8221;4.16&#8243; global_colors_info=&#8221;{}&#8221;][et_pb_row admin_label=&#8221;row&#8221; _builder_version=&#8221;4.16&#8243; background_size=&#8221;initial&#8221; background_position=&#8221;top_left&#8221; background_repeat=&#8221;repeat&#8221; custom_padding=&#8221;0px|0px|27px|0px&#8221; global_colors_info=&#8221;{}&#8221;][et_pb_column type=&#8221;4_4&#8243; _builder_version=&#8221;4.16&#8243; custom_padding=&#8221;|||&#8221; global_colors_info=&#8221;{}&#8221; custom_padding__hover=&#8221;|||&#8221;][et_pb_text admin_label=&#8221;Text&#8221; _builder_version=&#8221;4.16&#8243; background_size=&#8221;initial&#8221; background_position=&#8221;top_left&#8221; background_repeat=&#8221;repeat&#8221; global_colors_info=&#8221;{}&#8221;]\t\t\t\t[\/et_pb_text][et_pb_text admin_label=&#8221;Text&#8221; _builder_version=&#8221;4.16&#8243; background_size=&#8221;initial&#8221; background_position=&#8221;top_left&#8221; background_repeat=&#8221;repeat&#8221; saved_tabs=&#8221;all&#8221; global_colors_info=&#8221;{}&#8221;]<\/p>\n<h1 style=\"text-align: center;\"><strong>Welcome to\u00a0G\u00e4vle\u00a0Apartments<\/strong><\/h1>\n<p style=\"text-align: center;\">We can offer you affordable rooms and apartments in central G\u00e4vle. Welcome to stay with us!\u00a0<\/p>\n<p>[\/et_pb_text][\/et_pb_column][\/et_pb_row][et_pb_row column_structure=&#8221;1_3,1_3,1_3&#8243; admin_label=&#8221;row&#8221; _builder_version=&#8221;4.16&#8243; background_size=&#8221;initial&#8221; background_position=&#8221;top_left&#8221; background_repeat=&#8221;repeat&#8221; global_colors_info=&#8221;{}&#8221;][et_pb_column type=&#8221;1_3&#8243; _builder_version=&#8221;4.16&#8243; custom_padding=&#8221;|||&#8221; global_colors_info=&#8221;{}&#8221; custom_padding__hover=&#8221;|||&#8221;][et_pb_image src=&#8221;http:\/\/www.gavleapartments.se\/wp-content\/uploads\/2019\/02\/IMG_5528-300&#215;218.jpg&#8221; title_text=&#8221;Stay Gavle&#8221; align_tablet=&#8221;center&#8221; align_phone=&#8221;&#8221; align_last_edited=&#8221;on|desktop&#8221; _builder_version=&#8221;4.16&#8243; animation_style=&#8221;slide&#8221; animation_direction=&#8221;left&#8221; animation_duration=&#8221;500ms&#8221; animation_intensity_slide=&#8221;10%&#8221; global_colors_info=&#8221;{}&#8221;][\/et_pb_image][et_pb_text admin_label=&#8221;Text&#8221; _builder_version=&#8221;4.16&#8243; background_size=&#8221;initial&#8221; background_position=&#8221;top_left&#8221; background_repeat=&#8221;repeat&#8221; global_colors_info=&#8221;{}&#8221;]<\/p>\n<h1 style=\"text-align: center;\"><strong>Our apartments<\/strong><\/h1>\n<p style=\"text-align: center;\">Our spacious newly renovated apartments has a fully equiped kitchen and a bedroom with tv and comfortable beds. All apartments has private bathrooms. Bedlinnen, towels, wifi and parking at the yard are included in the price.\u00a0\u00a0<\/p>\n<p style=\"text-align: center;\">Apartment for 1 person: From 700 SEK<br \/>Apartment for 2 persons: From 900 SEK<br \/>Familyapartment: From 1400 SEK<br \/>(2 adults &amp; 2 kids under 12 years)<\/p>\n<p class=\"\" style=\"text-align: center;\">If you want to rent our apartments per week, please contact us for more information <br \/>and prices.\u00a0<\/p>\n<p style=\"text-align: center;\">Extrabeds 300 SEK\/person\u00a0<\/p>\n<p style=\"text-align: center;\">Baby bed without extra cost.\u00a0<\/p>\n<p style=\"text-align: center;\">Cleaning of the apartment is included.<\/p>\n<p style=\"text-align: center;\">Payments are made with credit\/debit card or Swish.<strong><\/strong><strong><\/strong><\/p>\n<p style=\"text-align: center;\"><strong>We do not accept cash payments.<\/strong><\/p>\n<p style=\"text-align: center;\">\n<p>[\/et_pb_text][\/et_pb_column][et_pb_column type=&#8221;1_3&#8243; _builder_version=&#8221;4.16&#8243; custom_padding=&#8221;|||&#8221; global_colors_info=&#8221;{}&#8221; custom_padding__hover=&#8221;|||&#8221;][et_pb_image src=&#8221;http:\/\/www.gavleapartments.se\/wp-content\/uploads\/2019\/02\/IMG_5513-300&#215;213.jpg&#8221; title_text=&#8221;G\u00e4vle boende l\u00e4genhetshotell logi stay gavle hotel&#8221; align_tablet=&#8221;center&#8221; align_phone=&#8221;&#8221; align_last_edited=&#8221;on|desktop&#8221; _builder_version=&#8221;4.16&#8243; animation_style=&#8221;slide&#8221; animation_direction=&#8221;left&#8221; animation_duration=&#8221;500ms&#8221; animation_intensity_slide=&#8221;10%&#8221; global_colors_info=&#8221;{}&#8221;][\/et_pb_image][et_pb_text admin_label=&#8221;Text&#8221; _builder_version=&#8221;4.16&#8243; background_size=&#8221;initial&#8221; background_position=&#8221;top_left&#8221; background_repeat=&#8221;repeat&#8221; custom_margin=&#8221;|||&#8221; global_colors_info=&#8221;{}&#8221;]<\/p>\n<h1 style=\"text-align: center;\"><strong>Locate us<\/strong><\/h1>\n<p style=\"text-align: center;\" class=\"\">We are located four blocks from the town square of G\u00e4vle and 1,5 km from the train station.<\/p>\n<p style=\"text-align: center;\" class=\"\">Our apartments are situated at\u00a0<br \/>Lexegr\u00e4nd 5 and Luthergatan 24 in G\u00e4vle.\u00a0<\/p>\n<p style=\"text-align: center;\" class=\"\">Please call us if you need directions.\u00a0<br \/>+46 70-338 48 35<\/p>\n<p style=\"text-align: center;\" class=\"et-fb-mce-line-break-holder\">\n<p>[\/et_pb_text][et_pb_text admin_label=&#8221;Text&#8221; _builder_version=&#8221;4.16&#8243; background_size=&#8221;initial&#8221; background_position=&#8221;top_left&#8221; background_repeat=&#8221;repeat&#8221; custom_margin=&#8221;|||&#8221; global_colors_info=&#8221;{}&#8221;]<\/p>\n<h1 style=\"text-align: center;\"><strong>Cancellation of bookings<\/strong><\/h1>\n<p style=\"text-align: center;\">\n<p style=\"text-align: center;\">For bookings of fewer than 7 nights, cancellation must be made no later than 18:00 the day before arrival.\u00a0<\/p>\n<p style=\"text-align: center;\">For bookings of one week up to one month, cancellation must be made no later than one week before arrival.\u00a0<\/p>\n<p style=\"text-align: center;\">For bookings of one month or more, cancellation must be made no later than one month before arrival.\u00a0<\/p>\n<p style=\"text-align: center;\">All cancellations must be confirmed to be valid.\u00a0<\/p>\n<p style=\"text-align: center;\" class=\"et-fb-mce-line-break-holder\">\n<p>[\/et_pb_text][\/et_pb_column][et_pb_column type=&#8221;1_3&#8243; _builder_version=&#8221;4.16&#8243; custom_padding=&#8221;|||&#8221; global_colors_info=&#8221;{}&#8221; custom_padding__hover=&#8221;|||&#8221;][et_pb_image src=&#8221;http:\/\/www.gavleapartments.se\/wp-content\/uploads\/2017\/06\/Konserthus-300&#215;195.jpg&#8221; title_text=&#8221;Konserthus&#8221; align_tablet=&#8221;center&#8221; align_phone=&#8221;&#8221; align_last_edited=&#8221;on|desktop&#8221; _builder_version=&#8221;4.16&#8243; animation_style=&#8221;slide&#8221; animation_direction=&#8221;left&#8221; animation_duration=&#8221;500ms&#8221; animation_intensity_slide=&#8221;10%&#8221; global_colors_info=&#8221;{}&#8221;][\/et_pb_image][et_pb_text admin_label=&#8221;Text&#8221; _builder_version=&#8221;4.16&#8243; background_size=&#8221;initial&#8221; background_position=&#8221;top_left&#8221; background_repeat=&#8221;repeat&#8221; global_colors_info=&#8221;{}&#8221;]<\/p>\n<h1 style=\"text-align: center;\"><strong>City of G\u00e4vle<\/strong><\/h1>\n<p style=\"text-align: center;\">In G\u00e4vle you can do almost everything! Take a boattrip on the sea, visit the local whisky destillery, say hello to the monkeys in Furuviksparken, go pubbing at the many local restaurants and pubs, scratch a moose in the ear or just sit at the library with a good coffe and newspapers from all over the world!\u00a0<\/p>\n<p style=\"text-align: center;\">\u00a0<\/p>\n<p style=\"text-align: center;\">We will soon put up our favorites in G\u00e4vle here. While waiting, call us for a good advise!\u00a0<\/p>\n<p>[\/et_pb_text][\/et_pb_column][\/et_pb_row][\/et_pb_section]<\/p>\n","protected":false},"excerpt":{"rendered":"<p>Welcome to\u00a0G\u00e4vle\u00a0Apartments We can offer you affordable rooms and apartments in central G\u00e4vle. Welcome to stay with us!\u00a0Our apartments Our spacious newly renovated apartments has a fully equiped kitchen and a bedroom with tv and comfortable beds. All apartments has private bathrooms. Bedlinnen, towels, wifi and parking at the yard are included in the price.\u00a0\u00a0 [&hellip;]<\/p>\n","protected":false},"author":1,"featured_media":0,"parent":0,"menu_order":0,"comment_status":"closed","ping_status":"closed","template":"","meta":{"_et_pb_use_builder":"on","_et_pb_old_content":"","_et_gb_content_width":"","_exactmetrics_skip_tracking":false,"_exactmetrics_sitenote_active":false,"_exactmetrics_sitenote_note":"","_exactmetrics_sitenote_category":0,"footnotes":""},"class_list":["post-86","page","type-page","status-publish","hentry"],"yoast_head":"<!-- This site is optimized with the Yoast SEO plugin v27.3 - https:\/\/yoast.com\/product\/yoast-seo-wordpress\/ -->\n<title>English - G\u00e4vle Apartments<\/title>\n<meta name=\"robots\" content=\"index, follow, max-snippet:-1, max-image-preview:large, max-video-preview:-1\" \/>\n<link rel=\"canonical\" href=\"https:\/\/www.gavleapartments.se\/index.php\/english\/\" \/>\n<meta property=\"og:locale\" content=\"sv_SE\" \/>\n<meta property=\"og:type\" content=\"article\" \/>\n<meta property=\"og:title\" content=\"English - G\u00e4vle Apartments\" \/>\n<meta property=\"og:description\" content=\"Welcome to\u00a0G\u00e4vle\u00a0Apartments We can offer you affordable rooms and apartments in central G\u00e4vle. Welcome to stay with us!\u00a0Our apartments Our spacious newly renovated apartments has a fully equiped kitchen and a bedroom with tv and comfortable beds. All apartments has private bathrooms. Bedlinnen, towels, wifi and parking at the yard are included in the price.\u00a0\u00a0 [&hellip;]\" \/>\n<meta property=\"og:url\" content=\"https:\/\/www.gavleapartments.se\/index.php\/english\/\" \/>\n<meta property=\"og:site_name\" content=\"G\u00e4vle Apartments\" \/>\n<meta property=\"article:modified_time\" content=\"2024-04-27T11:35:07+00:00\" \/>\n<meta name=\"twitter:card\" content=\"summary_large_image\" \/>\n<meta name=\"twitter:label1\" content=\"Ber\u00e4knad l\u00e4stid\" \/>\n\t<meta name=\"twitter:data1\" content=\"4 minuter\" \/>\n<script type=\"application\/ld+json\" class=\"yoast-schema-graph\">{\"@context\":\"https:\\\/\\\/schema.org\",\"@graph\":[{\"@type\":\"WebPage\",\"@id\":\"https:\\\/\\\/www.gavleapartments.se\\\/index.php\\\/english\\\/\",\"url\":\"https:\\\/\\\/www.gavleapartments.se\\\/index.php\\\/english\\\/\",\"name\":\"English - G\u00e4vle Apartments\",\"isPartOf\":{\"@id\":\"https:\\\/\\\/www.gavleapartments.se\\\/#website\"},\"datePublished\":\"2017-05-13T08:22:41+00:00\",\"dateModified\":\"2024-04-27T11:35:07+00:00\",\"breadcrumb\":{\"@id\":\"https:\\\/\\\/www.gavleapartments.se\\\/index.php\\\/english\\\/#breadcrumb\"},\"inLanguage\":\"sv-SE\",\"potentialAction\":[{\"@type\":\"ReadAction\",\"target\":[\"https:\\\/\\\/www.gavleapartments.se\\\/index.php\\\/english\\\/\"]}]},{\"@type\":\"BreadcrumbList\",\"@id\":\"https:\\\/\\\/www.gavleapartments.se\\\/index.php\\\/english\\\/#breadcrumb\",\"itemListElement\":[{\"@type\":\"ListItem\",\"position\":1,\"name\":\"Hem\",\"item\":\"https:\\\/\\\/www.gavleapartments.se\\\/\"},{\"@type\":\"ListItem\",\"position\":2,\"name\":\"English\"}]},{\"@type\":\"WebSite\",\"@id\":\"https:\\\/\\\/www.gavleapartments.se\\\/#website\",\"url\":\"https:\\\/\\\/www.gavleapartments.se\\\/\",\"name\":\"G\u00e4vle Apartments\",\"description\":\"Hyr l\u00e4genhet i G\u00e4vle\",\"potentialAction\":[{\"@type\":\"SearchAction\",\"target\":{\"@type\":\"EntryPoint\",\"urlTemplate\":\"https:\\\/\\\/www.gavleapartments.se\\\/?s={search_term_string}\"},\"query-input\":{\"@type\":\"PropertyValueSpecification\",\"valueRequired\":true,\"valueName\":\"search_term_string\"}}],\"inLanguage\":\"sv-SE\"}]}<\/script>\n<!-- \/ Yoast SEO plugin. -->","yoast_head_json":{"title":"English - G\u00e4vle Apartments","robots":{"index":"index","follow":"follow","max-snippet":"max-snippet:-1","max-image-preview":"max-image-preview:large","max-video-preview":"max-video-preview:-1"},"canonical":"https:\/\/www.gavleapartments.se\/index.php\/english\/","og_locale":"sv_SE","og_type":"article","og_title":"English - G\u00e4vle Apartments","og_description":"Welcome to\u00a0G\u00e4vle\u00a0Apartments We can offer you affordable rooms and apartments in central G\u00e4vle. Welcome to stay with us!\u00a0Our apartments Our spacious newly renovated apartments has a fully equiped kitchen and a bedroom with tv and comfortable beds. All apartments has private bathrooms. Bedlinnen, towels, wifi and parking at the yard are included in the price.\u00a0\u00a0 [&hellip;]","og_url":"https:\/\/www.gavleapartments.se\/index.php\/english\/","og_site_name":"G\u00e4vle Apartments","article_modified_time":"2024-04-27T11:35:07+00:00","twitter_card":"summary_large_image","twitter_misc":{"Ber\u00e4knad l\u00e4stid":"4 minuter"},"schema":{"@context":"https:\/\/schema.org","@graph":[{"@type":"WebPage","@id":"https:\/\/www.gavleapartments.se\/index.php\/english\/","url":"https:\/\/www.gavleapartments.se\/index.php\/english\/","name":"English - G\u00e4vle Apartments","isPartOf":{"@id":"https:\/\/www.gavleapartments.se\/#website"},"datePublished":"2017-05-13T08:22:41+00:00","dateModified":"2024-04-27T11:35:07+00:00","breadcrumb":{"@id":"https:\/\/www.gavleapartments.se\/index.php\/english\/#breadcrumb"},"inLanguage":"sv-SE","potentialAction":[{"@type":"ReadAction","target":["https:\/\/www.gavleapartments.se\/index.php\/english\/"]}]},{"@type":"BreadcrumbList","@id":"https:\/\/www.gavleapartments.se\/index.php\/english\/#breadcrumb","itemListElement":[{"@type":"ListItem","position":1,"name":"Hem","item":"https:\/\/www.gavleapartments.se\/"},{"@type":"ListItem","position":2,"name":"English"}]},{"@type":"WebSite","@id":"https:\/\/www.gavleapartments.se\/#website","url":"https:\/\/www.gavleapartments.se\/","name":"G\u00e4vle Apartments","description":"Hyr l\u00e4genhet i G\u00e4vle","potentialAction":[{"@type":"SearchAction","target":{"@type":"EntryPoint","urlTemplate":"https:\/\/www.gavleapartments.se\/?s={search_term_string}"},"query-input":{"@type":"PropertyValueSpecification","valueRequired":true,"valueName":"search_term_string"}}],"inLanguage":"sv-SE"}]}},"_links":{"self":[{"href":"https:\/\/www.gavleapartments.se\/index.php\/wp-json\/wp\/v2\/pages\/86","targetHints":{"allow":["GET"]}}],"collection":[{"href":"https:\/\/www.gavleapartments.se\/index.php\/wp-json\/wp\/v2\/pages"}],"about":[{"href":"https:\/\/www.gavleapartments.se\/index.php\/wp-json\/wp\/v2\/types\/page"}],"author":[{"embeddable":true,"href":"https:\/\/www.gavleapartments.se\/index.php\/wp-json\/wp\/v2\/users\/1"}],"replies":[{"embeddable":true,"href":"https:\/\/www.gavleapartments.se\/index.php\/wp-json\/wp\/v2\/comments?post=86"}],"version-history":[{"count":11,"href":"https:\/\/www.gavleapartments.se\/index.php\/wp-json\/wp\/v2\/pages\/86\/revisions"}],"predecessor-version":[{"id":400,"href":"https:\/\/www.gavleapartments.se\/index.php\/wp-json\/wp\/v2\/pages\/86\/revisions\/400"}],"wp:attachment":[{"href":"https:\/\/www.gavleapartments.se\/index.php\/wp-json\/wp\/v2\/media?parent=86"}],"curies":[{"name":"wp","href":"https:\/\/api.w.org\/{rel}","templated":true}]}}